{"id":11871,"date":"2020-10-29T09:00:52","date_gmt":"2020-10-29T08:00:52","guid":{"rendered":"https:\/\/www.thierryregards.eu\/maria-masson-bdom-wawe-bukavu-rdc-copy\/"},"modified":"2023-10-13T08:55:06","modified_gmt":"2023-10-13T06:55:06","slug":"hugues-dupriez-diobass-terres-et-vie-ecologie-et-societe","status":"publish","type":"page","link":"http:\/\/thierryregards.eu\/en\/hugues-dupriez-diobass-terres-et-vie-ecologie-et-societe\/","title":{"rendered":"Hugues Dupriez"},"content":{"rendered":"<div id=\"cs-content\" class=\"cs-content\"><\/div>","protected":false},"excerpt":{"rendered":"<p>L&rsquo;agro\u00e9cologie, on la vit, la voil\u00e0 !Ing&eacute;nieur agronome (Leuven), sp&eacute;cialiste de l&rsquo;agronomie tropicale, initiateur de l&rsquo;association Diobass, Ecologie et soci&eacute;t&eacute;, auteur et &eacute;diteur de nombreux livres, fondateur des &eacute;ditions Terres et Vie et des Carnets &eacute;cologiques. Pionnier de l&rsquo;agro&eacute;cologie, amoureux de l&rsquo;Afrique et de la nature, peintre, sculpteur,&nbsp; animateur de promenades et de f&ecirc;tes m&eacute;morables et&hellip; animiste &agrave; ses heures. &#8230; <\/p>\n<div><a href=\"http:\/\/thierryregards.eu\/en\/hugues-dupriez-diobass-terres-et-vie-ecologie-et-societe\/\" class=\"more-link\">Read More<\/a><\/div>","protected":false},"author":1,"featured_media":0,"parent":0,"menu_order":0,"comment_status":"closed","ping_status":"closed","template":"","meta":{"footnotes":""},"class_list":["post-11871","page","type-page","status-publish","hentry","no-post-thumbnail"],"yoast_head":"<!-- This site is optimized with the Yoast SEO plugin v27.3 - https:\/\/yoast.com\/product\/yoast-seo-wordpress\/ -->\n<title>Hugues Dupriez<\/title>\n<meta name=\"description\" content=\"Pionnier de l\u2019agro\u00e9cologie, amoureux de l\u2019Afrique et de la nature, peintre, sculpteur, animateur de promenades et de f\u00eates m\u00e9morables...\" \/>\n<meta name=\"robots\" content=\"index, follow, max-snippet:-1, max-image-preview:large, max-video-preview:-1\" \/>\n<link rel=\"canonical\" href=\"https:\/\/thierryregards.eu\/en\/hugues-dupriez-diobass-terres-et-vie-ecologie-et-societe\/\" \/>\n<meta property=\"og:locale\" content=\"en_US\" \/>\n<meta property=\"og:type\" content=\"article\" \/>\n<meta property=\"og:title\" content=\"Hugues Dupriez\" \/>\n<meta property=\"og:description\" content=\"Pionnier de l\u2019agro\u00e9cologie, amoureux de l\u2019Afrique et de la nature, peintre, sculpteur, animateur de promenades et de f\u00eates m\u00e9morables...\" \/>\n<meta property=\"og:url\" content=\"https:\/\/thierryregards.eu\/en\/hugues-dupriez-diobass-terres-et-vie-ecologie-et-societe\/\" \/>\n<meta property=\"og:site_name\" content=\"Thierryregards.eu\" \/>\n<meta property=\"article:modified_time\" content=\"2023-10-13T06:55:06+00:00\" \/>\n<meta name=\"twitter:card\" content=\"summary_large_image\" \/>\n<meta name=\"twitter:label1\" content=\"Est. reading time\" \/>\n\t<meta name=\"twitter:data1\" content=\"33 minutes\" \/>\n<script type=\"application\/ld+json\" class=\"yoast-schema-graph\">{\"@context\":\"https:\\\/\\\/schema.org\",\"@graph\":[{\"@type\":\"WebPage\",\"@id\":\"https:\\\/\\\/thierryregards.eu\\\/hugues-dupriez-diobass-terres-et-vie-ecologie-et-societe\\\/\",\"url\":\"https:\\\/\\\/thierryregards.eu\\\/hugues-dupriez-diobass-terres-et-vie-ecologie-et-societe\\\/\",\"name\":\"Hugues Dupriez\",\"isPartOf\":{\"@id\":\"https:\\\/\\\/thierryregards.eu\\\/#website\"},\"datePublished\":\"2020-10-29T08:00:52+00:00\",\"dateModified\":\"2023-10-13T06:55:06+00:00\",\"description\":\"Pionnier de l\u2019agro\u00e9cologie, amoureux de l\u2019Afrique et de la nature, peintre, sculpteur, animateur de promenades et de f\u00eates m\u00e9morables...\",\"breadcrumb\":{\"@id\":\"https:\\\/\\\/thierryregards.eu\\\/hugues-dupriez-diobass-terres-et-vie-ecologie-et-societe\\\/#breadcrumb\"},\"inLanguage\":\"en-US\",\"potentialAction\":[{\"@type\":\"ReadAction\",\"target\":[\"https:\\\/\\\/thierryregards.eu\\\/hugues-dupriez-diobass-terres-et-vie-ecologie-et-societe\\\/\"]}]},{\"@type\":\"BreadcrumbList\",\"@id\":\"https:\\\/\\\/thierryregards.eu\\\/hugues-dupriez-diobass-terres-et-vie-ecologie-et-societe\\\/#breadcrumb\",\"itemListElement\":[{\"@type\":\"ListItem\",\"position\":1,\"name\":\"Accueil\",\"item\":\"https:\\\/\\\/thierryregards.eu\\\/\"},{\"@type\":\"ListItem\",\"position\":2,\"name\":\"Hugues Dupriez\"}]},{\"@type\":\"WebSite\",\"@id\":\"https:\\\/\\\/thierryregards.eu\\\/#website\",\"url\":\"https:\\\/\\\/thierryregards.eu\\\/\",\"name\":\"Thierry Regards sur la Soci\u00e9t\u00e9\",\"description\":\"Regards sur la Soci\u00e9t\u00e9\",\"publisher\":{\"@id\":\"https:\\\/\\\/thierryregards.eu\\\/#\\\/schema\\\/person\\\/c2cbd41e2ac19de18536c08c15f7cd28\"},\"potentialAction\":[{\"@type\":\"SearchAction\",\"target\":{\"@type\":\"EntryPoint\",\"urlTemplate\":\"https:\\\/\\\/thierryregards.eu\\\/?s={search_term_string}\"},\"query-input\":{\"@type\":\"PropertyValueSpecification\",\"valueRequired\":true,\"valueName\":\"search_term_string\"}}],\"inLanguage\":\"en-US\"},{\"@type\":[\"Person\",\"Organization\"],\"@id\":\"https:\\\/\\\/thierryregards.eu\\\/#\\\/schema\\\/person\\\/c2cbd41e2ac19de18536c08c15f7cd28\",\"name\":\"Thierry Carton de Tournai\",\"image\":{\"@type\":\"ImageObject\",\"inLanguage\":\"en-US\",\"@id\":\"https:\\\/\\\/thierryregards.eu\\\/wp-content\\\/uploads\\\/2021\\\/12\\\/Thierry-2019-.jpg\",\"url\":\"https:\\\/\\\/thierryregards.eu\\\/wp-content\\\/uploads\\\/2021\\\/12\\\/Thierry-2019-.jpg\",\"contentUrl\":\"https:\\\/\\\/thierryregards.eu\\\/wp-content\\\/uploads\\\/2021\\\/12\\\/Thierry-2019-.jpg\",\"width\":392,\"height\":458,\"caption\":\"Thierry Carton de Tournai\"},\"logo\":{\"@id\":\"https:\\\/\\\/thierryregards.eu\\\/wp-content\\\/uploads\\\/2021\\\/12\\\/Thierry-2019-.jpg\"},\"description\":\"Regards sur la soci\u00e9t\u00e9 est une mani\u00e8re de m'exprimer autour de ces enjeux, avec modestie...\",\"sameAs\":[\"https:\\\/\\\/thierryregards.eu\"]}]}<\/script>\n<!-- \/ Yoast SEO plugin. -->","yoast_head_json":{"title":"Hugues Dupriez","description":"Pionnier de l\u2019agro\u00e9cologie, amoureux de l\u2019Afrique et de la nature, peintre, sculpteur, animateur de promenades et de f\u00eates m\u00e9morables...","robots":{"index":"index","follow":"follow","max-snippet":"max-snippet:-1","max-image-preview":"max-image-preview:large","max-video-preview":"max-video-preview:-1"},"canonical":"https:\/\/thierryregards.eu\/en\/hugues-dupriez-diobass-terres-et-vie-ecologie-et-societe\/","og_locale":"en_US","og_type":"article","og_title":"Hugues Dupriez","og_description":"Pionnier de l\u2019agro\u00e9cologie, amoureux de l\u2019Afrique et de la nature, peintre, sculpteur, animateur de promenades et de f\u00eates m\u00e9morables...","og_url":"https:\/\/thierryregards.eu\/en\/hugues-dupriez-diobass-terres-et-vie-ecologie-et-societe\/","og_site_name":"Thierryregards.eu","article_modified_time":"2023-10-13T06:55:06+00:00","twitter_card":"summary_large_image","twitter_misc":{"Est. reading time":"33 minutes"},"schema":{"@context":"https:\/\/schema.org","@graph":[{"@type":"WebPage","@id":"https:\/\/thierryregards.eu\/hugues-dupriez-diobass-terres-et-vie-ecologie-et-societe\/","url":"https:\/\/thierryregards.eu\/hugues-dupriez-diobass-terres-et-vie-ecologie-et-societe\/","name":"Hugues Dupriez","isPartOf":{"@id":"https:\/\/thierryregards.eu\/#website"},"datePublished":"2020-10-29T08:00:52+00:00","dateModified":"2023-10-13T06:55:06+00:00","description":"Pionnier de l\u2019agro\u00e9cologie, amoureux de l\u2019Afrique et de la nature, peintre, sculpteur, animateur de promenades et de f\u00eates m\u00e9morables...","breadcrumb":{"@id":"https:\/\/thierryregards.eu\/hugues-dupriez-diobass-terres-et-vie-ecologie-et-societe\/#breadcrumb"},"inLanguage":"en-US","potentialAction":[{"@type":"ReadAction","target":["https:\/\/thierryregards.eu\/hugues-dupriez-diobass-terres-et-vie-ecologie-et-societe\/"]}]},{"@type":"BreadcrumbList","@id":"https:\/\/thierryregards.eu\/hugues-dupriez-diobass-terres-et-vie-ecologie-et-societe\/#breadcrumb","itemListElement":[{"@type":"ListItem","position":1,"name":"Accueil","item":"https:\/\/thierryregards.eu\/"},{"@type":"ListItem","position":2,"name":"Hugues Dupriez"}]},{"@type":"WebSite","@id":"https:\/\/thierryregards.eu\/#website","url":"https:\/\/thierryregards.eu\/","name":"Thierry Regards sur la Soci\u00e9t\u00e9","description":"Regards sur la Soci\u00e9t\u00e9","publisher":{"@id":"https:\/\/thierryregards.eu\/#\/schema\/person\/c2cbd41e2ac19de18536c08c15f7cd28"},"potentialAction":[{"@type":"SearchAction","target":{"@type":"EntryPoint","urlTemplate":"https:\/\/thierryregards.eu\/?s={search_term_string}"},"query-input":{"@type":"PropertyValueSpecification","valueRequired":true,"valueName":"search_term_string"}}],"inLanguage":"en-US"},{"@type":["Person","Organization"],"@id":"https:\/\/thierryregards.eu\/#\/schema\/person\/c2cbd41e2ac19de18536c08c15f7cd28","name":"Thierry Carton de Tournai","image":{"@type":"ImageObject","inLanguage":"en-US","@id":"https:\/\/thierryregards.eu\/wp-content\/uploads\/2021\/12\/Thierry-2019-.jpg","url":"https:\/\/thierryregards.eu\/wp-content\/uploads\/2021\/12\/Thierry-2019-.jpg","contentUrl":"https:\/\/thierryregards.eu\/wp-content\/uploads\/2021\/12\/Thierry-2019-.jpg","width":392,"height":458,"caption":"Thierry Carton de Tournai"},"logo":{"@id":"https:\/\/thierryregards.eu\/wp-content\/uploads\/2021\/12\/Thierry-2019-.jpg"},"description":"Regards sur la soci\u00e9t\u00e9 est une mani\u00e8re de m'exprimer autour de ces enjeux, avec modestie...","sameAs":["https:\/\/thierryregards.eu"]}]}},"brizy_media":[],"_links":{"self":[{"href":"http:\/\/thierryregards.eu\/en\/wp-json\/wp\/v2\/pages\/11871","targetHints":{"allow":["GET"]}}],"collection":[{"href":"http:\/\/thierryregards.eu\/en\/wp-json\/wp\/v2\/pages"}],"about":[{"href":"http:\/\/thierryregards.eu\/en\/wp-json\/wp\/v2\/types\/page"}],"author":[{"embeddable":true,"href":"http:\/\/thierryregards.eu\/en\/wp-json\/wp\/v2\/users\/1"}],"replies":[{"embeddable":true,"href":"http:\/\/thierryregards.eu\/en\/wp-json\/wp\/v2\/comments?post=11871"}],"version-history":[{"count":5,"href":"http:\/\/thierryregards.eu\/en\/wp-json\/wp\/v2\/pages\/11871\/revisions"}],"predecessor-version":[{"id":13571,"href":"http:\/\/thierryregards.eu\/en\/wp-json\/wp\/v2\/pages\/11871\/revisions\/13571"}],"wp:attachment":[{"href":"http:\/\/thierryregards.eu\/en\/wp-json\/wp\/v2\/media?parent=11871"}],"curies":[{"name":"wp","href":"https:\/\/api.w.org\/{rel}","templated":true}]}}