{"id":12436,"date":"2004-08-01T12:00:56","date_gmt":"2004-08-01T10:00:56","guid":{"rendered":"https:\/\/www.thierryregards.eu\/hugues-dupriez-diobass-terres-et-vie-ecologie-et-societe-copy\/"},"modified":"2021-01-08T10:24:04","modified_gmt":"2021-01-08T09:24:04","slug":"franck-mweze-rdc-sud-kivu-bukavu-3tamis","status":"publish","type":"page","link":"http:\/\/thierryregards.eu\/en\/franck-mweze-rdc-sud-kivu-bukavu-3tamis\/","title":{"rendered":"Franck Badesire Mweze"},"content":{"rendered":"<div id=\"cs-content\" class=\"cs-content\"><\/div>","protected":false},"excerpt":{"rendered":"<p>En swahili,\u00a0Mweze (prononcez\u00a0mw\u00e8z\u00e9) =\u00a0Vous pouvez. \u00a0 En mashi, Mweze, c\u2019est la p\u00e9riode de la maturit\u00e9 pour r\u00e9colter. Muyeze (prononcez muy\u00eaz\u00e9)\u00a0: imp\u00e9ratif 2\u00e8me personne du pluriel, du verbe kuyeza (avoir les plantes qui on atteint la maturit\u00e9 pour les r\u00e9colter)\u00a0=&gt; ayez des plantes en maturit\u00e9 !\u00a0\u00a0Son p\u00e8re a eu ce nom parce qu\u2019il \u00e9tait n\u00e9 \u00e0 la premi\u00e8re maturit\u00e9 des semences &#8230; <\/p>\n<div><a href=\"http:\/\/thierryregards.eu\/en\/franck-mweze-rdc-sud-kivu-bukavu-3tamis\/\" class=\"more-link\">Read More<\/a><\/div>","protected":false},"author":1,"featured_media":0,"parent":0,"menu_order":0,"comment_status":"closed","ping_status":"closed","template":"","meta":{"footnotes":""},"class_list":["post-12436","page","type-page","status-publish","hentry","no-post-thumbnail"],"yoast_head":"<!-- This site is optimized with the Yoast SEO plugin v27.3 - https:\/\/yoast.com\/product\/yoast-seo-wordpress\/ -->\n<title>Franck Badesire Mweze<\/title>\n<meta name=\"description\" content=\"Coordinateur de 3TAMIS asbl, centre de production vid\u00e9o pour l&#039;\u00e9ducation \u00e0 la citoyennet\u00e9. N\u00e9 en 1958. Dipl\u00f4m\u00e9 en Philosophie.\" \/>\n<meta name=\"robots\" content=\"index, follow, max-snippet:-1, max-image-preview:large, max-video-preview:-1\" \/>\n<link rel=\"canonical\" href=\"https:\/\/thierryregards.eu\/en\/franck-mweze-rdc-sud-kivu-bukavu-3tamis\/\" \/>\n<meta property=\"og:locale\" content=\"en_US\" \/>\n<meta property=\"og:type\" content=\"article\" \/>\n<meta property=\"og:title\" content=\"Franck Badesire Mweze\" \/>\n<meta property=\"og:description\" content=\"Coordinateur de 3TAMIS asbl, centre de production vid\u00e9o pour l&#039;\u00e9ducation \u00e0 la citoyennet\u00e9. N\u00e9 en 1958. Dipl\u00f4m\u00e9 en Philosophie.\" \/>\n<meta property=\"og:url\" content=\"https:\/\/thierryregards.eu\/en\/franck-mweze-rdc-sud-kivu-bukavu-3tamis\/\" \/>\n<meta property=\"og:site_name\" content=\"Thierryregards.eu\" \/>\n<meta property=\"article:modified_time\" content=\"2021-01-08T09:24:04+00:00\" \/>\n<meta name=\"twitter:card\" content=\"summary_large_image\" \/>\n<meta name=\"twitter:label1\" content=\"Est. reading time\" \/>\n\t<meta name=\"twitter:data1\" content=\"16 minutes\" \/>\n<script type=\"application\/ld+json\" class=\"yoast-schema-graph\">{\"@context\":\"https:\\\/\\\/schema.org\",\"@graph\":[{\"@type\":\"WebPage\",\"@id\":\"https:\\\/\\\/thierryregards.eu\\\/franck-mweze-rdc-sud-kivu-bukavu-3tamis\\\/\",\"url\":\"https:\\\/\\\/thierryregards.eu\\\/franck-mweze-rdc-sud-kivu-bukavu-3tamis\\\/\",\"name\":\"Franck Badesire Mweze\",\"isPartOf\":{\"@id\":\"https:\\\/\\\/thierryregards.eu\\\/#website\"},\"datePublished\":\"2004-08-01T10:00:56+00:00\",\"dateModified\":\"2021-01-08T09:24:04+00:00\",\"description\":\"Coordinateur de 3TAMIS asbl, centre de production vid\u00e9o pour l'\u00e9ducation \u00e0 la citoyennet\u00e9. N\u00e9 en 1958. Dipl\u00f4m\u00e9 en Philosophie.\",\"breadcrumb\":{\"@id\":\"https:\\\/\\\/thierryregards.eu\\\/franck-mweze-rdc-sud-kivu-bukavu-3tamis\\\/#breadcrumb\"},\"inLanguage\":\"en-US\",\"potentialAction\":[{\"@type\":\"ReadAction\",\"target\":[\"https:\\\/\\\/thierryregards.eu\\\/franck-mweze-rdc-sud-kivu-bukavu-3tamis\\\/\"]}]},{\"@type\":\"BreadcrumbList\",\"@id\":\"https:\\\/\\\/thierryregards.eu\\\/franck-mweze-rdc-sud-kivu-bukavu-3tamis\\\/#breadcrumb\",\"itemListElement\":[{\"@type\":\"ListItem\",\"position\":1,\"name\":\"Accueil\",\"item\":\"https:\\\/\\\/thierryregards.eu\\\/\"},{\"@type\":\"ListItem\",\"position\":2,\"name\":\"Franck Badesire Mweze\"}]},{\"@type\":\"WebSite\",\"@id\":\"https:\\\/\\\/thierryregards.eu\\\/#website\",\"url\":\"https:\\\/\\\/thierryregards.eu\\\/\",\"name\":\"Thierry Regards sur la Soci\u00e9t\u00e9\",\"description\":\"Regards sur la Soci\u00e9t\u00e9\",\"publisher\":{\"@id\":\"https:\\\/\\\/thierryregards.eu\\\/#\\\/schema\\\/person\\\/c2cbd41e2ac19de18536c08c15f7cd28\"},\"potentialAction\":[{\"@type\":\"SearchAction\",\"target\":{\"@type\":\"EntryPoint\",\"urlTemplate\":\"https:\\\/\\\/thierryregards.eu\\\/?s={search_term_string}\"},\"query-input\":{\"@type\":\"PropertyValueSpecification\",\"valueRequired\":true,\"valueName\":\"search_term_string\"}}],\"inLanguage\":\"en-US\"},{\"@type\":[\"Person\",\"Organization\"],\"@id\":\"https:\\\/\\\/thierryregards.eu\\\/#\\\/schema\\\/person\\\/c2cbd41e2ac19de18536c08c15f7cd28\",\"name\":\"Thierry Carton de Tournai\",\"image\":{\"@type\":\"ImageObject\",\"inLanguage\":\"en-US\",\"@id\":\"https:\\\/\\\/thierryregards.eu\\\/wp-content\\\/uploads\\\/2021\\\/12\\\/Thierry-2019-.jpg\",\"url\":\"https:\\\/\\\/thierryregards.eu\\\/wp-content\\\/uploads\\\/2021\\\/12\\\/Thierry-2019-.jpg\",\"contentUrl\":\"https:\\\/\\\/thierryregards.eu\\\/wp-content\\\/uploads\\\/2021\\\/12\\\/Thierry-2019-.jpg\",\"width\":392,\"height\":458,\"caption\":\"Thierry Carton de Tournai\"},\"logo\":{\"@id\":\"https:\\\/\\\/thierryregards.eu\\\/wp-content\\\/uploads\\\/2021\\\/12\\\/Thierry-2019-.jpg\"},\"description\":\"Regards sur la soci\u00e9t\u00e9 est une mani\u00e8re de m'exprimer autour de ces enjeux, avec modestie...\",\"sameAs\":[\"https:\\\/\\\/thierryregards.eu\"]}]}<\/script>\n<!-- \/ Yoast SEO plugin. -->","yoast_head_json":{"title":"Franck Badesire Mweze","description":"Coordinateur de 3TAMIS asbl, centre de production vid\u00e9o pour l'\u00e9ducation \u00e0 la citoyennet\u00e9. N\u00e9 en 1958. Dipl\u00f4m\u00e9 en Philosophie.","robots":{"index":"index","follow":"follow","max-snippet":"max-snippet:-1","max-image-preview":"max-image-preview:large","max-video-preview":"max-video-preview:-1"},"canonical":"https:\/\/thierryregards.eu\/en\/franck-mweze-rdc-sud-kivu-bukavu-3tamis\/","og_locale":"en_US","og_type":"article","og_title":"Franck Badesire Mweze","og_description":"Coordinateur de 3TAMIS asbl, centre de production vid\u00e9o pour l'\u00e9ducation \u00e0 la citoyennet\u00e9. N\u00e9 en 1958. Dipl\u00f4m\u00e9 en Philosophie.","og_url":"https:\/\/thierryregards.eu\/en\/franck-mweze-rdc-sud-kivu-bukavu-3tamis\/","og_site_name":"Thierryregards.eu","article_modified_time":"2021-01-08T09:24:04+00:00","twitter_card":"summary_large_image","twitter_misc":{"Est. reading time":"16 minutes"},"schema":{"@context":"https:\/\/schema.org","@graph":[{"@type":"WebPage","@id":"https:\/\/thierryregards.eu\/franck-mweze-rdc-sud-kivu-bukavu-3tamis\/","url":"https:\/\/thierryregards.eu\/franck-mweze-rdc-sud-kivu-bukavu-3tamis\/","name":"Franck Badesire Mweze","isPartOf":{"@id":"https:\/\/thierryregards.eu\/#website"},"datePublished":"2004-08-01T10:00:56+00:00","dateModified":"2021-01-08T09:24:04+00:00","description":"Coordinateur de 3TAMIS asbl, centre de production vid\u00e9o pour l'\u00e9ducation \u00e0 la citoyennet\u00e9. N\u00e9 en 1958. Dipl\u00f4m\u00e9 en Philosophie.","breadcrumb":{"@id":"https:\/\/thierryregards.eu\/franck-mweze-rdc-sud-kivu-bukavu-3tamis\/#breadcrumb"},"inLanguage":"en-US","potentialAction":[{"@type":"ReadAction","target":["https:\/\/thierryregards.eu\/franck-mweze-rdc-sud-kivu-bukavu-3tamis\/"]}]},{"@type":"BreadcrumbList","@id":"https:\/\/thierryregards.eu\/franck-mweze-rdc-sud-kivu-bukavu-3tamis\/#breadcrumb","itemListElement":[{"@type":"ListItem","position":1,"name":"Accueil","item":"https:\/\/thierryregards.eu\/"},{"@type":"ListItem","position":2,"name":"Franck Badesire Mweze"}]},{"@type":"WebSite","@id":"https:\/\/thierryregards.eu\/#website","url":"https:\/\/thierryregards.eu\/","name":"Thierry Regards sur la Soci\u00e9t\u00e9","description":"Regards sur la Soci\u00e9t\u00e9","publisher":{"@id":"https:\/\/thierryregards.eu\/#\/schema\/person\/c2cbd41e2ac19de18536c08c15f7cd28"},"potentialAction":[{"@type":"SearchAction","target":{"@type":"EntryPoint","urlTemplate":"https:\/\/thierryregards.eu\/?s={search_term_string}"},"query-input":{"@type":"PropertyValueSpecification","valueRequired":true,"valueName":"search_term_string"}}],"inLanguage":"en-US"},{"@type":["Person","Organization"],"@id":"https:\/\/thierryregards.eu\/#\/schema\/person\/c2cbd41e2ac19de18536c08c15f7cd28","name":"Thierry Carton de Tournai","image":{"@type":"ImageObject","inLanguage":"en-US","@id":"https:\/\/thierryregards.eu\/wp-content\/uploads\/2021\/12\/Thierry-2019-.jpg","url":"https:\/\/thierryregards.eu\/wp-content\/uploads\/2021\/12\/Thierry-2019-.jpg","contentUrl":"https:\/\/thierryregards.eu\/wp-content\/uploads\/2021\/12\/Thierry-2019-.jpg","width":392,"height":458,"caption":"Thierry Carton de Tournai"},"logo":{"@id":"https:\/\/thierryregards.eu\/wp-content\/uploads\/2021\/12\/Thierry-2019-.jpg"},"description":"Regards sur la soci\u00e9t\u00e9 est une mani\u00e8re de m'exprimer autour de ces enjeux, avec modestie...","sameAs":["https:\/\/thierryregards.eu"]}]}},"brizy_media":[],"_links":{"self":[{"href":"http:\/\/thierryregards.eu\/en\/wp-json\/wp\/v2\/pages\/12436","targetHints":{"allow":["GET"]}}],"collection":[{"href":"http:\/\/thierryregards.eu\/en\/wp-json\/wp\/v2\/pages"}],"about":[{"href":"http:\/\/thierryregards.eu\/en\/wp-json\/wp\/v2\/types\/page"}],"author":[{"embeddable":true,"href":"http:\/\/thierryregards.eu\/en\/wp-json\/wp\/v2\/users\/1"}],"replies":[{"embeddable":true,"href":"http:\/\/thierryregards.eu\/en\/wp-json\/wp\/v2\/comments?post=12436"}],"version-history":[{"count":5,"href":"http:\/\/thierryregards.eu\/en\/wp-json\/wp\/v2\/pages\/12436\/revisions"}],"predecessor-version":[{"id":12864,"href":"http:\/\/thierryregards.eu\/en\/wp-json\/wp\/v2\/pages\/12436\/revisions\/12864"}],"wp:attachment":[{"href":"http:\/\/thierryregards.eu\/en\/wp-json\/wp\/v2\/media?parent=12436"}],"curies":[{"name":"wp","href":"https:\/\/api.w.org\/{rel}","templated":true}]}}