{"id":3121,"date":"2015-04-04T20:00:13","date_gmt":"2015-04-04T20:00:13","guid":{"rendered":"http:\/\/thierryregard.co\/rdc-2\/"},"modified":"2026-04-07T21:46:59","modified_gmt":"2026-04-07T19:46:59","slug":"rdc-2","status":"publish","type":"page","link":"http:\/\/thierryregards.eu\/en\/rdc-2\/","title":{"rendered":"RD Congo &#8211; Le pays de tous les possibles"},"content":{"rendered":"<div class=\"brz-root__container brz-reset-all brz brz-root__container-page\">\n<section id=\"_hykhkuwxmq\" class=\"brz-section brz-css-1sltp44\">\n<div class=\"brz-section__content brz-section--boxed brz-css-p06oil brz-css-1g7gt7b\" data-brz-custom-id=\"tzvaqqydvx\">\n<div class=\"brz-container brz-css-1wbtj1i\">\n<div class=\"brz-row__container brz-css-1gq4bgg\" data-brz-custom-id=\"bufubcntxq\">\n<div class=\"brz-bg\"><\/div>\n<div class=\"brz-row brz-css-auexwr\">\n<div class=\"brz-columns brz-css-1r9a6mv brz-css-1eghqme\" data-brz-custom-id=\"btrksiljln\">\n<div class=\"brz-bg\"><\/div>\n<div class=\"brz-column__items brz-css-2wgp19\">\n<div id=\"\" class=\"brz-css-i6ha23 brz-css-v9ljkq brz-wrapper\">\n<div class=\"brz-spacer brz-css-1g42s07 brz-css-1wt6szk\"><\/div>\n<\/div>\n<div id=\"\" class=\"brz-css-i6ha23 brz-wrapper\">\n<div class=\"brz-image brz-css-6ga755 brz-css-17wwvd\" data-brz-custom-id=\"tizzogxkef\"><img decoding=\"async\" class=\"brz-img\" src=\"http:\/\/thierryregards.eu\/wp-content\/uploads\/brizy\/imgs\/RDC-Flag-269x161x28x0x213x161x1545664729.jpg\" alt=\"\" loading=\"lazy\"><\/div>\n<\/div>\n<\/div>\n<\/div>\n<div class=\"brz-columns brz-css-1r9a6mv brz-css-huqkww\" data-brz-custom-id=\"uwflpidfgw\">\n<div class=\"brz-bg\"><\/div>\n<div class=\"brz-column__items brz-css-2wgp19\">\n<div id=\"\" class=\"brz-css-i6ha23 brz-wrapper\">\n<div class=\"brz-rich-text brz-rich-text__custom brz-css-7vozy6\" data-brz-custom-id=\"rkbrejbpmi\">\n<div data-brz-translate-text=\"1\">\n<p class=\"brz-text-lg-justify brz-tp-pcjrhtexda brz-css-a5PNj\"><strong class=\"brz-cp-color7\">La s\u00e9rie de documents sur la RD Congo,&nbsp;le pays de tous les possibles, est une r\u00e9flexion sur les enjeux de la soci\u00e9t\u00e9 congolaise, par un amoureux de la RDC et en particulier de l\u2019Est du pays, d\u00e9couvert fin 1991, quelques semaines apr\u00e8s les pillages.<\/strong><\/p>\n<p class=\"brz-tp-pcjrhtexda brz-css-jaSJw\"><span class=\"brz-cp-color4\"><span>&nbsp;<\/span><\/span><\/p>\n<p class=\"brz-tp-pcjrhtexda brz-css-zg1XG\"><span class=\"brz-cp-color7\">Dossiers \u00e0 d\u00e9couvrir :&nbsp;<\/span><a class=\"link--external brz-cp-color2\" href=\"http:\/\/thierryregards.eu\/en\/rdc\/\" data-brz-link-type=\"external\">RD Congo\u2026<\/a><\/p>\n<\/div>\n<\/div>\n<\/div>\n<\/div>\n<\/div>\n<\/div>\n<\/div>\n<div class=\"brz-row__container brz-css-1gq4bgg\" data-brz-custom-id=\"dnqmfbjyrx\">\n<div class=\"brz-bg\"><\/div>\n<div class=\"brz-row brz-css-auexwr\">\n<div class=\"brz-columns brz-css-1r9a6mv brz-css-1rzw69t\" data-brz-custom-id=\"ykjjyphumk\">\n<div class=\"brz-bg\"><\/div>\n<div class=\"brz-column__items brz-css-2wgp19\">\n<div id=\"\" class=\"brz-css-i6ha23 brz-wrapper\">\n<div class=\"brz-rich-text brz-rich-text__custom brz-css-7vozy6\" data-brz-custom-id=\"lffqtchagd\">\n<div data-brz-translate-text=\"1\">\n<p class=\"brz-fs-lg-28 brz-fs-xs-im-6 brz-text-lg-justify brz-lh-lg-1_3 brz-lh-sm-im-undefined brz-lh-xs-im-1_3 brz-ls-lg-m_1_5 brz-ls-sm-im-undefined brz-ls-xs-im-m_1 brz-ff-montserrat brz-fw-lg-200 brz-fw-sm-im-undefined brz-fw-xs-im-200 brz-css-dhGLh\"><strong class=\"brz-cp-color2\">Un Etat fonctionne sur quatre piliers&nbsp;:&nbsp;<\/strong><\/p>\n<ol>\n<li class=\"brz-text-lg-justify brz-tp-pcjrhtexda ql-indent-1 brz-bcp-color7 brz-css-wbSBn\"><strong class=\"brz-cp-color7\"><span>des choix politiques <\/span><\/strong><span class=\"brz-cp-color7\">faisant r\u00e9f\u00e9rence \u00e0 sa constitution et, pour le mettre en \u0153uvre,<\/span><\/li>\n<li class=\"brz-text-lg-justify brz-tp-pcjrhtexda ql-indent-1 brz-bcp-color7 brz-css-rWeDE\"><strong class=\"brz-cp-color7\"><span>l\u2019administration,&nbsp;<\/span><\/strong><\/li>\n<li class=\"brz-text-lg-justify brz-tp-pcjrhtexda ql-indent-1 brz-bcp-color7 brz-css-qIU0Q\"><strong class=\"brz-cp-color7\"><span>les imp\u00f4ts&nbsp;<\/span><\/strong><\/li>\n<li class=\"brz-text-lg-justify brz-tp-pcjrhtexda ql-indent-1 brz-css-k9AHn\"><strong class=\"brz-cp-color7\"><span>et la s\u00e9curit\u00e9<\/span><\/strong><span class=\"brz-cp-color7\"> (Justice \u2013 Police \u2013 Arm\u00e9e<\/span><span class=\"brz-cp-color7\"><span>)<\/span><\/span><\/li>\n<\/ol>\n<p class=\"brz-fs-xs-im-17 brz-fs-lg-20 brz-fw-xs-im-300 brz-fw-sm-im-undefined brz-fw-lg-400 brz-ff-montserrat brz-ls-xs-im-0 brz-ls-sm-im-undefined brz-ls-lg-0 brz-lh-xs-im-1_6 brz-lh-sm-im-undefined brz-lh-lg-1_7 brz-css-jMliT\">&nbsp;<\/p>\n<p class=\"brz-text-lg-justify brz-tp-pcjrhtexda brz-css-egHx0\"><span class=\"brz-cp-color7\"><span>Depuis 2006, o\u00f9 comme entendu lors d\u2019une conf\u00e9rence, les \u00ab&nbsp;congolais&nbsp;\u00bb ont \u00e9t\u00e9 na\u00effs de croire que la \u00ab&nbsp;communaut\u00e9 internationale&nbsp;\u00bb allait investir dans la reconstruction de ces piliers \u00e0 la suite de leur soutien aux premi\u00e8res \u00ab&nbsp;\u00e9lections libres, d\u00e9mocratiques et transparentes&nbsp;\u00bb de son histoire. J\u2019y avais na\u00efvement cru moi-aussi&nbsp;lorsque j\u2019assistai \u00e0 ces premi\u00e8res \u00e9lections dans les quartiers de Bukavu et sur la route de Kavumu !<\/span><\/span><\/p>\n<p class=\"brz-text-lg-justify brz-tp-pcjrhtexda brz-css-ef2Uw\"><span class=\"brz-cp-color7\"><span>&nbsp;<\/span><\/span><\/p>\n<p class=\"brz-text-lg-justify brz-tp-pcjrhtexda brz-css-pWF9O\"><span class=\"brz-cp-color7\"><span>Malgr\u00e9 des avanc\u00e9es parfois importantes, les choix politiques \u00ab&nbsp;souverains&nbsp;\u00bb sont loin de mettre en \u0153uvre des programmes coh\u00e9rent avec l\u2019id\u00e9ologie que je partage, celle qui placerait la personne et son environnement au dessus des r\u00e9sultats financiers\u2026<\/span><\/span><\/p>\n<p class=\"brz-text-lg-justify brz-tp-pcjrhtexda brz-css-eUtyz\"><span class=\"brz-cp-color7\"><span>&nbsp;<\/span><\/span><\/p>\n<p class=\"brz-text-lg-justify brz-tp-pcjrhtexda brz-css-pGZlA\"><span class=\"brz-cp-color7\"><span>Il me semble que comme r\u00e9alit\u00e9 mondialis\u00e9e, le pays se soumet aux violences du \u00ab&nbsp;capitalisme casino&nbsp;\u00bb commis par les \u00ab&nbsp;g\u00e9nies&nbsp;\u00bb du profit \u00e0 tout prix\u2026Mon attention est d\u2019\u00eatre respectueux des personnes quelles qu\u2019elles soient, quelle que soient leurs actes. Alors que le lecteur comprenne bien que mon intention est de poser un regard critique sur les comportements et les situations et non de juger la personne.<\/span><\/span><\/p>\n<p class=\"brz-text-lg-justify brz-tp-pcjrhtexda brz-css-a5vTT\"><span class=\"brz-cp-color7\"><span>&nbsp;<\/span><\/span><\/p>\n<p class=\"brz-text-lg-justify brz-tp-pcjrhtexda brz-css-qFvcz\"><span class=\"brz-cp-color7\"><span>Il est essentiel de se rappeler que je pense aux personnes rencontr\u00e9es lors de mes s\u00e9jours, celles qui vous am\u00e8nent \u00e0 grandir, conscient des richesses \u00e9tonnantes de l\u2019Humain qu\u2019elles ont su partager, parfois sans mot\u2026 et, aux inconnue\/es qui affirment par leur engagement, leur courage qu\u2019un meilleur pr\u00e9sent est possible concr\u00e8tement avec la simplicit\u00e9 des moyens, et souvent celui du C\u0153ur pour seule motivation\u2026<\/span><\/span><\/p>\n<p class=\"brz-fs-xs-im-17 brz-fs-lg-20 brz-fw-xs-im-300 brz-fw-sm-im-undefined brz-fw-lg-400 brz-ff-montserrat brz-ls-xs-im-0 brz-ls-sm-im-undefined brz-ls-lg-0 brz-lh-xs-im-1_6 brz-lh-sm-im-undefined brz-lh-lg-1_7 brz-text-lg-justify brz-css-qHJzp\"><strong class=\"brz-cp-color7\">&nbsp;<\/strong><\/p>\n<p class=\"brz-fw-xs-im-300 brz-fw-sm-im-undefined brz-fw-lg-400 brz-ff-montserrat brz-ls-xs-im-0 brz-ls-sm-im-undefined brz-ls-lg-0 brz-lh-xs-im-1_6 brz-lh-sm-im-undefined brz-lh-lg-1_7 brz-text-lg-justify brz-fs-lg-28 brz-fs-xs-im-25 brz-css-hjfym\"><strong class=\"brz-cp-color2\">Le pays de tous les possibles\u2026<\/strong><\/p>\n<p class=\"brz-text-lg-justify brz-tp-pcjrhtexda brz-css-lLe97\"><span class=\"brz-cp-color7\"><span>Comme ailleurs, des femmes et des hommes r\u00e9sistent \u00e0 ces d\u00e9rives mortif\u00e8res de l\u2019argent pour l\u2019argent et au contraire, proposent des alternatives de non violence.&nbsp;<\/span><\/span><\/p>\n<p class=\"brz-text-lg-justify brz-tp-pcjrhtexda brz-css-kdEuz\"><span class=\"brz-cp-color4\"> <\/span><\/p>\n<p class=\"brz-fw-xs-im-300 brz-fw-sm-im-undefined brz-fw-lg-400 brz-ff-montserrat brz-ls-xs-im-0 brz-ls-sm-im-undefined brz-ls-lg-0 brz-lh-xs-im-1_6 brz-lh-sm-im-undefined brz-lh-lg-1_7 brz-text-lg-justify brz-fs-lg-28 brz-fs-xs-im-25 brz-css-r0NDm\"><strong class=\"brz-cp-color4\">Le pays de toutes les arnaques<\/strong><\/p>\n<p class=\"brz-text-lg-justify brz-tp-pcjrhtexda brz-css-enhzY\"><span class=\"brz-cp-color7\"><span>S\u2019il est clair que des progr\u00e8s sont r\u00e9alis\u00e9s en termes de d\u00e9veloppement et d\u2019organisation du pays, encore faut-il savoir dans quelles perspectives sociales et soci\u00e9tales(1), pour quels enjeux et au profit de qui, avec quelle efficience et coh\u00e9rence avec l\u2019id\u00e9e du \u00ab&nbsp;d\u00e9veloppement durable&nbsp;\u00bb, ces r\u00e9alisations s\u2019ins\u00e8rent\u2026<\/span><\/span><\/p>\n<p class=\"brz-text-lg-justify brz-tp-pcjrhtexda brz-css-vhQob\"><span class=\"brz-cp-color7\"><span>&nbsp;<\/span><\/span><\/p>\n<p class=\"brz-text-lg-justify brz-tp-pcjrhtexda brz-css-qIxsv\"><span class=\"brz-cp-color7\"><span>Et l\u00e0, il me semble que les choix politiques initi\u00e9s depuis 2006 tendent \u00e0 asseoir un syst\u00e8me li\u00e9 au \u00ab&nbsp;capitalisme casino&nbsp;\u00bb, celui mis en \u0153uvre par les \u00ab&nbsp;g\u00e9nies&nbsp;\u00bb de l\u2019entreprise du profit \u00e0 tout prix\u2026<\/span><\/span><\/p>\n<p class=\"brz-text-lg-justify brz-tp-pcjrhtexda brz-css-cdUII\"><span class=\"brz-cp-color7\"><span>&nbsp;<\/span><\/span><\/p>\n<p class=\"brz-text-lg-justify brz-tp-pcjrhtexda brz-css-saD6O\"><strong class=\"brz-cp-color7\">Avertissement&nbsp;:<\/strong><span class=\"brz-cp-color7\"><span>&nbsp;Pour qu\u2019ils soient ais\u00e9s \u00e0 parcourir, les dossiers se d\u00e9composeront en plusieurs articles. A tout moment, le contenu, la structure, les textes et la mise en page pourront \u00eatre modifi\u00e9s\u2026<\/span><\/span><span class=\"brz-cp-color4\"><span>&nbsp;<\/span><\/span><\/p>\n<p class=\"brz-text-lg-justify brz-tp-pcjrhtexda brz-css-l4F5p\"><span class=\"brz-cp-color4\"><span>(1)<\/span><\/span><a class=\"link--external brz-cp-color2\" href=\"http:\/\/www.la-difference-entre.com\/difference.php?id=social-societal\" data-brz-link-type=\"external\"><span>Diff\u00e9rence entre Sociale et Soci\u00e9tal<\/span><\/a><strong class=\"brz-cp-color2\">&nbsp;<\/strong><\/p>\n<\/div>\n<\/div>\n<\/div>\n<\/div>\n<\/div>\n<\/div>\n<\/div>\n<\/div>\n<\/div>\n<\/section>\n<\/div>\n<p>    <!-- version:1736988072 --><\/p>","protected":false},"excerpt":{"rendered":"<p>La s\u00e9rie de documents sur la RD Congo,&nbsp;le pays de tous les possibles, est une r\u00e9flexion sur les enjeux de la soci\u00e9t\u00e9 congolaise, par un amoureux de la RDC et en particulier de l\u2019Est du pays, d\u00e9couvert fin 1991, quelques semaines apr\u00e8s les pillages. &nbsp; Dossiers \u00e0 d\u00e9couvrir :&nbsp;RD Congo\u2026 Un Etat fonctionne sur quatre piliers&nbsp;:&nbsp; des choix politiques faisant &#8230; <\/p>\n<div><a href=\"http:\/\/thierryregards.eu\/en\/rdc-2\/\" class=\"more-link\">Read More<\/a><\/div>","protected":false},"author":1,"featured_media":0,"parent":0,"menu_order":0,"comment_status":"closed","ping_status":"closed","template":"","meta":{"footnotes":""},"class_list":["post-3121","page","type-page","status-publish","hentry","no-post-thumbnail"],"yoast_head":"<!-- This site is optimized with the Yoast SEO plugin v27.3 - https:\/\/yoast.com\/product\/yoast-seo-wordpress\/ -->\n<title>RD Congo &#8211; Le pays de tous les possibles - Thierryregards.eu<\/title>\n<meta name=\"robots\" content=\"index, follow, max-snippet:-1, max-image-preview:large, max-video-preview:-1\" \/>\n<link rel=\"canonical\" href=\"https:\/\/thierryregards.eu\/en\/rdc-2\/\" \/>\n<meta property=\"og:locale\" content=\"en_US\" \/>\n<meta property=\"og:type\" content=\"article\" \/>\n<meta property=\"og:title\" content=\"RD Congo &#8211; Le pays de tous les possibles - Thierryregards.eu\" \/>\n<meta property=\"og:description\" content=\"La s\u00e9rie de documents sur la RD Congo,&nbsp;le pays de tous les possibles, est une r\u00e9flexion sur les enjeux de la soci\u00e9t\u00e9 congolaise, par un amoureux de la RDC et en particulier de l\u2019Est du pays, d\u00e9couvert fin 1991, quelques semaines apr\u00e8s les pillages. &nbsp; Dossiers \u00e0 d\u00e9couvrir :&nbsp;RD Congo\u2026 Un Etat fonctionne sur quatre piliers&nbsp;:&nbsp; des choix politiques faisant ... Read More\" \/>\n<meta property=\"og:url\" content=\"https:\/\/thierryregards.eu\/en\/rdc-2\/\" \/>\n<meta property=\"og:site_name\" content=\"Thierryregards.eu\" \/>\n<meta property=\"article:modified_time\" content=\"2026-04-07T19:46:59+00:00\" \/>\n<meta property=\"og:image\" content=\"http:\/\/thierryregards.eu\/wp-content\/uploads\/brizy\/imgs\/RDC-Flag-269x161x28x0x213x161x1545664729.jpg\" \/>\n<meta name=\"twitter:card\" content=\"summary_large_image\" \/>\n<meta name=\"twitter:label1\" content=\"Est. reading time\" \/>\n\t<meta name=\"twitter:data1\" content=\"3 minutes\" \/>\n<script type=\"application\/ld+json\" class=\"yoast-schema-graph\">{\"@context\":\"https:\\\/\\\/schema.org\",\"@graph\":[{\"@type\":\"WebPage\",\"@id\":\"https:\\\/\\\/thierryregards.eu\\\/rdc-2\\\/\",\"url\":\"https:\\\/\\\/thierryregards.eu\\\/rdc-2\\\/\",\"name\":\"RD Congo &#8211; Le pays de tous les possibles - Thierryregards.eu\",\"isPartOf\":{\"@id\":\"https:\\\/\\\/thierryregards.eu\\\/#website\"},\"primaryImageOfPage\":{\"@id\":\"https:\\\/\\\/thierryregards.eu\\\/rdc-2\\\/#primaryimage\"},\"image\":{\"@id\":\"https:\\\/\\\/thierryregards.eu\\\/rdc-2\\\/#primaryimage\"},\"thumbnailUrl\":\"http:\\\/\\\/thierryregards.eu\\\/wp-content\\\/uploads\\\/brizy\\\/imgs\\\/RDC-Flag-269x161x28x0x213x161x1545664729.jpg\",\"datePublished\":\"2015-04-04T20:00:13+00:00\",\"dateModified\":\"2026-04-07T19:46:59+00:00\",\"breadcrumb\":{\"@id\":\"https:\\\/\\\/thierryregards.eu\\\/rdc-2\\\/#breadcrumb\"},\"inLanguage\":\"en-US\",\"potentialAction\":[{\"@type\":\"ReadAction\",\"target\":[\"https:\\\/\\\/thierryregards.eu\\\/rdc-2\\\/\"]}]},{\"@type\":\"ImageObject\",\"inLanguage\":\"en-US\",\"@id\":\"https:\\\/\\\/thierryregards.eu\\\/rdc-2\\\/#primaryimage\",\"url\":\"http:\\\/\\\/thierryregards.eu\\\/wp-content\\\/uploads\\\/brizy\\\/imgs\\\/RDC-Flag-269x161x28x0x213x161x1545664729.jpg\",\"contentUrl\":\"http:\\\/\\\/thierryregards.eu\\\/wp-content\\\/uploads\\\/brizy\\\/imgs\\\/RDC-Flag-269x161x28x0x213x161x1545664729.jpg\"},{\"@type\":\"BreadcrumbList\",\"@id\":\"https:\\\/\\\/thierryregards.eu\\\/rdc-2\\\/#breadcrumb\",\"itemListElement\":[{\"@type\":\"ListItem\",\"position\":1,\"name\":\"Accueil\",\"item\":\"https:\\\/\\\/thierryregards.eu\\\/\"},{\"@type\":\"ListItem\",\"position\":2,\"name\":\"RD Congo &#8211; Le pays de tous les possibles\"}]},{\"@type\":\"WebSite\",\"@id\":\"https:\\\/\\\/thierryregards.eu\\\/#website\",\"url\":\"https:\\\/\\\/thierryregards.eu\\\/\",\"name\":\"Thierry Regards sur la Soci\u00e9t\u00e9\",\"description\":\"Regards sur la Soci\u00e9t\u00e9\",\"publisher\":{\"@id\":\"https:\\\/\\\/thierryregards.eu\\\/#\\\/schema\\\/person\\\/c2cbd41e2ac19de18536c08c15f7cd28\"},\"potentialAction\":[{\"@type\":\"SearchAction\",\"target\":{\"@type\":\"EntryPoint\",\"urlTemplate\":\"https:\\\/\\\/thierryregards.eu\\\/?s={search_term_string}\"},\"query-input\":{\"@type\":\"PropertyValueSpecification\",\"valueRequired\":true,\"valueName\":\"search_term_string\"}}],\"inLanguage\":\"en-US\"},{\"@type\":[\"Person\",\"Organization\"],\"@id\":\"https:\\\/\\\/thierryregards.eu\\\/#\\\/schema\\\/person\\\/c2cbd41e2ac19de18536c08c15f7cd28\",\"name\":\"Thierry Carton de Tournai\",\"image\":{\"@type\":\"ImageObject\",\"inLanguage\":\"en-US\",\"@id\":\"https:\\\/\\\/thierryregards.eu\\\/wp-content\\\/uploads\\\/2021\\\/12\\\/Thierry-2019-.jpg\",\"url\":\"https:\\\/\\\/thierryregards.eu\\\/wp-content\\\/uploads\\\/2021\\\/12\\\/Thierry-2019-.jpg\",\"contentUrl\":\"https:\\\/\\\/thierryregards.eu\\\/wp-content\\\/uploads\\\/2021\\\/12\\\/Thierry-2019-.jpg\",\"width\":392,\"height\":458,\"caption\":\"Thierry Carton de Tournai\"},\"logo\":{\"@id\":\"https:\\\/\\\/thierryregards.eu\\\/wp-content\\\/uploads\\\/2021\\\/12\\\/Thierry-2019-.jpg\"},\"description\":\"Regards sur la soci\u00e9t\u00e9 est une mani\u00e8re de m'exprimer autour de ces enjeux, avec modestie...\",\"sameAs\":[\"https:\\\/\\\/thierryregards.eu\"]}]}<\/script>\n<!-- \/ Yoast SEO plugin. -->","yoast_head_json":{"title":"RD Congo &#8211; Le pays de tous les possibles - Thierryregards.eu","robots":{"index":"index","follow":"follow","max-snippet":"max-snippet:-1","max-image-preview":"max-image-preview:large","max-video-preview":"max-video-preview:-1"},"canonical":"https:\/\/thierryregards.eu\/en\/rdc-2\/","og_locale":"en_US","og_type":"article","og_title":"RD Congo &#8211; Le pays de tous les possibles - Thierryregards.eu","og_description":"La s\u00e9rie de documents sur la RD Congo,&nbsp;le pays de tous les possibles, est une r\u00e9flexion sur les enjeux de la soci\u00e9t\u00e9 congolaise, par un amoureux de la RDC et en particulier de l\u2019Est du pays, d\u00e9couvert fin 1991, quelques semaines apr\u00e8s les pillages. &nbsp; Dossiers \u00e0 d\u00e9couvrir :&nbsp;RD Congo\u2026 Un Etat fonctionne sur quatre piliers&nbsp;:&nbsp; des choix politiques faisant ... Read More","og_url":"https:\/\/thierryregards.eu\/en\/rdc-2\/","og_site_name":"Thierryregards.eu","article_modified_time":"2026-04-07T19:46:59+00:00","og_image":[{"url":"http:\/\/thierryregards.eu\/wp-content\/uploads\/brizy\/imgs\/RDC-Flag-269x161x28x0x213x161x1545664729.jpg","type":"","width":"","height":""}],"twitter_card":"summary_large_image","twitter_misc":{"Est. reading time":"3 minutes"},"schema":{"@context":"https:\/\/schema.org","@graph":[{"@type":"WebPage","@id":"https:\/\/thierryregards.eu\/rdc-2\/","url":"https:\/\/thierryregards.eu\/rdc-2\/","name":"RD Congo &#8211; Le pays de tous les possibles - Thierryregards.eu","isPartOf":{"@id":"https:\/\/thierryregards.eu\/#website"},"primaryImageOfPage":{"@id":"https:\/\/thierryregards.eu\/rdc-2\/#primaryimage"},"image":{"@id":"https:\/\/thierryregards.eu\/rdc-2\/#primaryimage"},"thumbnailUrl":"http:\/\/thierryregards.eu\/wp-content\/uploads\/brizy\/imgs\/RDC-Flag-269x161x28x0x213x161x1545664729.jpg","datePublished":"2015-04-04T20:00:13+00:00","dateModified":"2026-04-07T19:46:59+00:00","breadcrumb":{"@id":"https:\/\/thierryregards.eu\/rdc-2\/#breadcrumb"},"inLanguage":"en-US","potentialAction":[{"@type":"ReadAction","target":["https:\/\/thierryregards.eu\/rdc-2\/"]}]},{"@type":"ImageObject","inLanguage":"en-US","@id":"https:\/\/thierryregards.eu\/rdc-2\/#primaryimage","url":"http:\/\/thierryregards.eu\/wp-content\/uploads\/brizy\/imgs\/RDC-Flag-269x161x28x0x213x161x1545664729.jpg","contentUrl":"http:\/\/thierryregards.eu\/wp-content\/uploads\/brizy\/imgs\/RDC-Flag-269x161x28x0x213x161x1545664729.jpg"},{"@type":"BreadcrumbList","@id":"https:\/\/thierryregards.eu\/rdc-2\/#breadcrumb","itemListElement":[{"@type":"ListItem","position":1,"name":"Accueil","item":"https:\/\/thierryregards.eu\/"},{"@type":"ListItem","position":2,"name":"RD Congo &#8211; Le pays de tous les possibles"}]},{"@type":"WebSite","@id":"https:\/\/thierryregards.eu\/#website","url":"https:\/\/thierryregards.eu\/","name":"Thierry Regards sur la Soci\u00e9t\u00e9","description":"Regards sur la Soci\u00e9t\u00e9","publisher":{"@id":"https:\/\/thierryregards.eu\/#\/schema\/person\/c2cbd41e2ac19de18536c08c15f7cd28"},"potentialAction":[{"@type":"SearchAction","target":{"@type":"EntryPoint","urlTemplate":"https:\/\/thierryregards.eu\/?s={search_term_string}"},"query-input":{"@type":"PropertyValueSpecification","valueRequired":true,"valueName":"search_term_string"}}],"inLanguage":"en-US"},{"@type":["Person","Organization"],"@id":"https:\/\/thierryregards.eu\/#\/schema\/person\/c2cbd41e2ac19de18536c08c15f7cd28","name":"Thierry Carton de Tournai","image":{"@type":"ImageObject","inLanguage":"en-US","@id":"https:\/\/thierryregards.eu\/wp-content\/uploads\/2021\/12\/Thierry-2019-.jpg","url":"https:\/\/thierryregards.eu\/wp-content\/uploads\/2021\/12\/Thierry-2019-.jpg","contentUrl":"https:\/\/thierryregards.eu\/wp-content\/uploads\/2021\/12\/Thierry-2019-.jpg","width":392,"height":458,"caption":"Thierry Carton de Tournai"},"logo":{"@id":"https:\/\/thierryregards.eu\/wp-content\/uploads\/2021\/12\/Thierry-2019-.jpg"},"description":"Regards sur la soci\u00e9t\u00e9 est une mani\u00e8re de m'exprimer autour de ces enjeux, avec modestie...","sameAs":["https:\/\/thierryregards.eu"]}]}},"brizy_media":[{"id":232,"url":"https:\/\/thierryregards.eu\/wp-content\/uploads\/2015\/03\/RDC-Flag.jpg","name":"RDC-Flag.jpg","meta":{"brizy_attachment_uid":"wp-4862e396f7425a91f197d5473e0fa898","brizy_post_uid":["c80aa117a8375657767d6c4f7f47506b"]}}],"_links":{"self":[{"href":"http:\/\/thierryregards.eu\/en\/wp-json\/wp\/v2\/pages\/3121","targetHints":{"allow":["GET"]}}],"collection":[{"href":"http:\/\/thierryregards.eu\/en\/wp-json\/wp\/v2\/pages"}],"about":[{"href":"http:\/\/thierryregards.eu\/en\/wp-json\/wp\/v2\/types\/page"}],"author":[{"embeddable":true,"href":"http:\/\/thierryregards.eu\/en\/wp-json\/wp\/v2\/users\/1"}],"replies":[{"embeddable":true,"href":"http:\/\/thierryregards.eu\/en\/wp-json\/wp\/v2\/comments?post=3121"}],"version-history":[{"count":5,"href":"http:\/\/thierryregards.eu\/en\/wp-json\/wp\/v2\/pages\/3121\/revisions"}],"predecessor-version":[{"id":11834,"href":"http:\/\/thierryregards.eu\/en\/wp-json\/wp\/v2\/pages\/3121\/revisions\/11834"}],"wp:attachment":[{"href":"http:\/\/thierryregards.eu\/en\/wp-json\/wp\/v2\/media?parent=3121"}],"curies":[{"name":"wp","href":"https:\/\/api.w.org\/{rel}","templated":true}]}}