{"id":4257,"date":"2018-09-25T08:00:27","date_gmt":"2018-09-25T06:00:27","guid":{"rendered":"http:\/\/thierryregard.co\/rdc-constitutions-lois-codes-copy\/"},"modified":"2020-09-22T08:39:58","modified_gmt":"2020-09-22T06:39:58","slug":"rdc-constitution-lois-documentations","status":"publish","type":"page","link":"http:\/\/thierryregards.eu\/en\/rdc-constitution-lois-documentations\/","title":{"rendered":"RDC &#8211; Documentations"},"content":{"rendered":"<div id=\"cs-content\" class=\"cs-content\"><\/div>","protected":false},"excerpt":{"rendered":"<p>Chose rare dans les \u00e9tudes, les sources rassembl\u00e9es dans des dossiers sont libres d\u2019acc\u00e8s afin de permettre d\u2019en savoir plus et conna\u00eetre l\u2019origine des informations. L&rsquo;id\u00e9e est de r\u00e9pondre aux droits \u00e0 l&rsquo;information inscrit dans la Constitution de la RD Congo en son article 24 : \u00ab Toute personne a droit \u00e0 l&rsquo;information. \u00bb&gt; Droits de la Personne .pdf D\u00e9claration &#8230; <\/p>\n<div><a href=\"http:\/\/thierryregards.eu\/en\/rdc-constitution-lois-documentations\/\" class=\"more-link\">Read More<\/a><\/div>","protected":false},"author":1,"featured_media":0,"parent":0,"menu_order":0,"comment_status":"closed","ping_status":"closed","template":"","meta":{"footnotes":""},"class_list":["post-4257","page","type-page","status-publish","hentry","no-post-thumbnail"],"yoast_head":"<!-- This site is optimized with the Yoast SEO plugin v27.3 - https:\/\/yoast.com\/product\/yoast-seo-wordpress\/ -->\n<title>RDC - Documentations - Thierryregards.eu<\/title>\n<meta name=\"robots\" content=\"index, follow, max-snippet:-1, max-image-preview:large, max-video-preview:-1\" \/>\n<link rel=\"canonical\" href=\"https:\/\/thierryregards.eu\/en\/rdc-constitution-lois-documentations\/\" \/>\n<meta property=\"og:locale\" content=\"en_US\" \/>\n<meta property=\"og:type\" content=\"article\" \/>\n<meta property=\"og:title\" content=\"RDC - Documentations - Thierryregards.eu\" \/>\n<meta property=\"og:description\" content=\"Chose rare dans les \u00e9tudes, les sources rassembl\u00e9es dans des dossiers sont libres d\u2019acc\u00e8s afin de permettre d\u2019en savoir plus et conna\u00eetre l\u2019origine des informations. L&#039;id\u00e9e est de r\u00e9pondre aux droits \u00e0 l&#039;information inscrit dans la Constitution de la RD Congo en son article 24 : \u00ab Toute personne a droit \u00e0 l&#039;information. \u00bb&gt; Droits de la Personne .pdf D\u00e9claration ... Read More\" \/>\n<meta property=\"og:url\" content=\"https:\/\/thierryregards.eu\/en\/rdc-constitution-lois-documentations\/\" \/>\n<meta property=\"og:site_name\" content=\"Thierryregards.eu\" \/>\n<meta property=\"article:modified_time\" content=\"2020-09-22T06:39:58+00:00\" \/>\n<meta property=\"og:image\" content=\"https:\/\/www.thierryregards.eu\/wp-content\/uploads\/2015\/03\/RDC-Flag.png\" \/>\n<meta name=\"twitter:card\" content=\"summary_large_image\" \/>\n<meta name=\"twitter:label1\" content=\"Est. reading time\" \/>\n\t<meta name=\"twitter:data1\" content=\"5 minutes\" \/>\n<script type=\"application\/ld+json\" class=\"yoast-schema-graph\">{\"@context\":\"https:\\\/\\\/schema.org\",\"@graph\":[{\"@type\":\"WebPage\",\"@id\":\"https:\\\/\\\/thierryregards.eu\\\/rdc-constitution-lois-documentations\\\/\",\"url\":\"https:\\\/\\\/thierryregards.eu\\\/rdc-constitution-lois-documentations\\\/\",\"name\":\"RDC - Documentations - Thierryregards.eu\",\"isPartOf\":{\"@id\":\"https:\\\/\\\/thierryregards.eu\\\/#website\"},\"primaryImageOfPage\":{\"@id\":\"https:\\\/\\\/thierryregards.eu\\\/rdc-constitution-lois-documentations\\\/#primaryimage\"},\"image\":{\"@id\":\"https:\\\/\\\/thierryregards.eu\\\/rdc-constitution-lois-documentations\\\/#primaryimage\"},\"thumbnailUrl\":\"https:\\\/\\\/www.thierryregards.eu\\\/wp-content\\\/uploads\\\/2015\\\/03\\\/RDC-Flag.png\",\"datePublished\":\"2018-09-25T06:00:27+00:00\",\"dateModified\":\"2020-09-22T06:39:58+00:00\",\"breadcrumb\":{\"@id\":\"https:\\\/\\\/thierryregards.eu\\\/rdc-constitution-lois-documentations\\\/#breadcrumb\"},\"inLanguage\":\"en-US\",\"potentialAction\":[{\"@type\":\"ReadAction\",\"target\":[\"https:\\\/\\\/thierryregards.eu\\\/rdc-constitution-lois-documentations\\\/\"]}]},{\"@type\":\"ImageObject\",\"inLanguage\":\"en-US\",\"@id\":\"https:\\\/\\\/thierryregards.eu\\\/rdc-constitution-lois-documentations\\\/#primaryimage\",\"url\":\"https:\\\/\\\/www.thierryregards.eu\\\/wp-content\\\/uploads\\\/2015\\\/03\\\/RDC-Flag.png\",\"contentUrl\":\"https:\\\/\\\/www.thierryregards.eu\\\/wp-content\\\/uploads\\\/2015\\\/03\\\/RDC-Flag.png\"},{\"@type\":\"BreadcrumbList\",\"@id\":\"https:\\\/\\\/thierryregards.eu\\\/rdc-constitution-lois-documentations\\\/#breadcrumb\",\"itemListElement\":[{\"@type\":\"ListItem\",\"position\":1,\"name\":\"Accueil\",\"item\":\"https:\\\/\\\/thierryregards.eu\\\/\"},{\"@type\":\"ListItem\",\"position\":2,\"name\":\"RDC &#8211; Documentations\"}]},{\"@type\":\"WebSite\",\"@id\":\"https:\\\/\\\/thierryregards.eu\\\/#website\",\"url\":\"https:\\\/\\\/thierryregards.eu\\\/\",\"name\":\"Thierry Regards sur la Soci\u00e9t\u00e9\",\"description\":\"Regards sur la Soci\u00e9t\u00e9\",\"publisher\":{\"@id\":\"https:\\\/\\\/thierryregards.eu\\\/#\\\/schema\\\/person\\\/c2cbd41e2ac19de18536c08c15f7cd28\"},\"potentialAction\":[{\"@type\":\"SearchAction\",\"target\":{\"@type\":\"EntryPoint\",\"urlTemplate\":\"https:\\\/\\\/thierryregards.eu\\\/?s={search_term_string}\"},\"query-input\":{\"@type\":\"PropertyValueSpecification\",\"valueRequired\":true,\"valueName\":\"search_term_string\"}}],\"inLanguage\":\"en-US\"},{\"@type\":[\"Person\",\"Organization\"],\"@id\":\"https:\\\/\\\/thierryregards.eu\\\/#\\\/schema\\\/person\\\/c2cbd41e2ac19de18536c08c15f7cd28\",\"name\":\"Thierry Carton de Tournai\",\"image\":{\"@type\":\"ImageObject\",\"inLanguage\":\"en-US\",\"@id\":\"https:\\\/\\\/thierryregards.eu\\\/wp-content\\\/uploads\\\/2021\\\/12\\\/Thierry-2019-.jpg\",\"url\":\"https:\\\/\\\/thierryregards.eu\\\/wp-content\\\/uploads\\\/2021\\\/12\\\/Thierry-2019-.jpg\",\"contentUrl\":\"https:\\\/\\\/thierryregards.eu\\\/wp-content\\\/uploads\\\/2021\\\/12\\\/Thierry-2019-.jpg\",\"width\":392,\"height\":458,\"caption\":\"Thierry Carton de Tournai\"},\"logo\":{\"@id\":\"https:\\\/\\\/thierryregards.eu\\\/wp-content\\\/uploads\\\/2021\\\/12\\\/Thierry-2019-.jpg\"},\"description\":\"Regards sur la soci\u00e9t\u00e9 est une mani\u00e8re de m'exprimer autour de ces enjeux, avec modestie...\",\"sameAs\":[\"https:\\\/\\\/thierryregards.eu\"]}]}<\/script>\n<!-- \/ Yoast SEO plugin. -->","yoast_head_json":{"title":"RDC - Documentations - Thierryregards.eu","robots":{"index":"index","follow":"follow","max-snippet":"max-snippet:-1","max-image-preview":"max-image-preview:large","max-video-preview":"max-video-preview:-1"},"canonical":"https:\/\/thierryregards.eu\/en\/rdc-constitution-lois-documentations\/","og_locale":"en_US","og_type":"article","og_title":"RDC - Documentations - Thierryregards.eu","og_description":"Chose rare dans les \u00e9tudes, les sources rassembl\u00e9es dans des dossiers sont libres d\u2019acc\u00e8s afin de permettre d\u2019en savoir plus et conna\u00eetre l\u2019origine des informations. L'id\u00e9e est de r\u00e9pondre aux droits \u00e0 l'information inscrit dans la Constitution de la RD Congo en son article 24 : \u00ab Toute personne a droit \u00e0 l'information. \u00bb&gt; Droits de la Personne .pdf D\u00e9claration ... Read More","og_url":"https:\/\/thierryregards.eu\/en\/rdc-constitution-lois-documentations\/","og_site_name":"Thierryregards.eu","article_modified_time":"2020-09-22T06:39:58+00:00","og_image":[{"url":"https:\/\/www.thierryregards.eu\/wp-content\/uploads\/2015\/03\/RDC-Flag.png","type":"","width":"","height":""}],"twitter_card":"summary_large_image","twitter_misc":{"Est. reading time":"5 minutes"},"schema":{"@context":"https:\/\/schema.org","@graph":[{"@type":"WebPage","@id":"https:\/\/thierryregards.eu\/rdc-constitution-lois-documentations\/","url":"https:\/\/thierryregards.eu\/rdc-constitution-lois-documentations\/","name":"RDC - Documentations - Thierryregards.eu","isPartOf":{"@id":"https:\/\/thierryregards.eu\/#website"},"primaryImageOfPage":{"@id":"https:\/\/thierryregards.eu\/rdc-constitution-lois-documentations\/#primaryimage"},"image":{"@id":"https:\/\/thierryregards.eu\/rdc-constitution-lois-documentations\/#primaryimage"},"thumbnailUrl":"https:\/\/www.thierryregards.eu\/wp-content\/uploads\/2015\/03\/RDC-Flag.png","datePublished":"2018-09-25T06:00:27+00:00","dateModified":"2020-09-22T06:39:58+00:00","breadcrumb":{"@id":"https:\/\/thierryregards.eu\/rdc-constitution-lois-documentations\/#breadcrumb"},"inLanguage":"en-US","potentialAction":[{"@type":"ReadAction","target":["https:\/\/thierryregards.eu\/rdc-constitution-lois-documentations\/"]}]},{"@type":"ImageObject","inLanguage":"en-US","@id":"https:\/\/thierryregards.eu\/rdc-constitution-lois-documentations\/#primaryimage","url":"https:\/\/www.thierryregards.eu\/wp-content\/uploads\/2015\/03\/RDC-Flag.png","contentUrl":"https:\/\/www.thierryregards.eu\/wp-content\/uploads\/2015\/03\/RDC-Flag.png"},{"@type":"BreadcrumbList","@id":"https:\/\/thierryregards.eu\/rdc-constitution-lois-documentations\/#breadcrumb","itemListElement":[{"@type":"ListItem","position":1,"name":"Accueil","item":"https:\/\/thierryregards.eu\/"},{"@type":"ListItem","position":2,"name":"RDC &#8211; Documentations"}]},{"@type":"WebSite","@id":"https:\/\/thierryregards.eu\/#website","url":"https:\/\/thierryregards.eu\/","name":"Thierry Regards sur la Soci\u00e9t\u00e9","description":"Regards sur la Soci\u00e9t\u00e9","publisher":{"@id":"https:\/\/thierryregards.eu\/#\/schema\/person\/c2cbd41e2ac19de18536c08c15f7cd28"},"potentialAction":[{"@type":"SearchAction","target":{"@type":"EntryPoint","urlTemplate":"https:\/\/thierryregards.eu\/?s={search_term_string}"},"query-input":{"@type":"PropertyValueSpecification","valueRequired":true,"valueName":"search_term_string"}}],"inLanguage":"en-US"},{"@type":["Person","Organization"],"@id":"https:\/\/thierryregards.eu\/#\/schema\/person\/c2cbd41e2ac19de18536c08c15f7cd28","name":"Thierry Carton de Tournai","image":{"@type":"ImageObject","inLanguage":"en-US","@id":"https:\/\/thierryregards.eu\/wp-content\/uploads\/2021\/12\/Thierry-2019-.jpg","url":"https:\/\/thierryregards.eu\/wp-content\/uploads\/2021\/12\/Thierry-2019-.jpg","contentUrl":"https:\/\/thierryregards.eu\/wp-content\/uploads\/2021\/12\/Thierry-2019-.jpg","width":392,"height":458,"caption":"Thierry Carton de Tournai"},"logo":{"@id":"https:\/\/thierryregards.eu\/wp-content\/uploads\/2021\/12\/Thierry-2019-.jpg"},"description":"Regards sur la soci\u00e9t\u00e9 est une mani\u00e8re de m'exprimer autour de ces enjeux, avec modestie...","sameAs":["https:\/\/thierryregards.eu"]}]}},"brizy_media":[],"_links":{"self":[{"href":"http:\/\/thierryregards.eu\/en\/wp-json\/wp\/v2\/pages\/4257","targetHints":{"allow":["GET"]}}],"collection":[{"href":"http:\/\/thierryregards.eu\/en\/wp-json\/wp\/v2\/pages"}],"about":[{"href":"http:\/\/thierryregards.eu\/en\/wp-json\/wp\/v2\/types\/page"}],"author":[{"embeddable":true,"href":"http:\/\/thierryregards.eu\/en\/wp-json\/wp\/v2\/users\/1"}],"replies":[{"embeddable":true,"href":"http:\/\/thierryregards.eu\/en\/wp-json\/wp\/v2\/comments?post=4257"}],"version-history":[{"count":5,"href":"http:\/\/thierryregards.eu\/en\/wp-json\/wp\/v2\/pages\/4257\/revisions"}],"predecessor-version":[{"id":11736,"href":"http:\/\/thierryregards.eu\/en\/wp-json\/wp\/v2\/pages\/4257\/revisions\/11736"}],"wp:attachment":[{"href":"http:\/\/thierryregards.eu\/en\/wp-json\/wp\/v2\/media?parent=4257"}],"curies":[{"name":"wp","href":"https:\/\/api.w.org\/{rel}","templated":true}]}}