{"id":4407,"date":"2018-08-23T11:07:55","date_gmt":"2018-08-23T09:07:55","guid":{"rendered":"http:\/\/thierryregard.co\/rdc-ministere-de-lagriculture-peche-et-elevage-copy\/"},"modified":"2019-01-25T14:03:09","modified_gmt":"2019-01-25T13:03:09","slug":"rdc-ministere-de-lagriculture-peche-et-elevage","status":"publish","type":"page","link":"http:\/\/thierryregards.eu\/en\/rdc-ministere-de-lagriculture-peche-et-elevage\/","title":{"rendered":"RDC &#8211; Minist\u00e8re de l&rsquo;Agriculture, P\u00eache et Elevage"},"content":{"rendered":"<div id=\"cs-content\" class=\"cs-content\"><\/div>","protected":false},"excerpt":{"rendered":"<p>Une fa\u00e7ade\u2026\u00a0 Avertissements :\u00a0les sites web ci-apr\u00e8s li\u00e9s \u00e0 l\u2019agriculture ne sont plus accessibles ! Preuve de la haute consid\u00e9ration des irresponsables politiques quand \u00e0 l\u2019importance de l\u2019information citoyenne. Une politiques conne de toute dictature : d\u00e9tourner l\u2019attention par des effets d\u2019annonce de quelques r\u00e9alisations, maintenir la population dans l\u2019ignorance, restreindre l\u2019acc\u00e8s \u00e0 l\u2019information, via le webMinist\u00e8re de l\u2019Agriculture, P\u00eache &#8230; <\/p>\n<div><a href=\"http:\/\/thierryregards.eu\/en\/rdc-ministere-de-lagriculture-peche-et-elevage\/\" class=\"more-link\">Read More<\/a><\/div>","protected":false},"author":1,"featured_media":0,"parent":0,"menu_order":0,"comment_status":"closed","ping_status":"closed","template":"","meta":{"footnotes":""},"class_list":["post-4407","page","type-page","status-publish","hentry","no-post-thumbnail"],"yoast_head":"<!-- This site is optimized with the Yoast SEO plugin v27.5 - https:\/\/yoast.com\/product\/yoast-seo-wordpress\/ -->\n<title>RDC - Minist\u00e8re de l&#039;Agriculture, P\u00eache et Elevage - Thierryregards.eu<\/title>\n<meta name=\"robots\" content=\"index, follow, max-snippet:-1, max-image-preview:large, max-video-preview:-1\" \/>\n<link rel=\"canonical\" href=\"https:\/\/thierryregards.eu\/en\/rdc-ministere-de-lagriculture-peche-et-elevage\/\" \/>\n<meta property=\"og:locale\" content=\"en_US\" \/>\n<meta property=\"og:type\" content=\"article\" \/>\n<meta property=\"og:title\" content=\"RDC - Minist\u00e8re de l&#039;Agriculture, P\u00eache et Elevage - Thierryregards.eu\" \/>\n<meta property=\"og:description\" content=\"Une fa\u00e7ade\u2026\u00a0 Avertissements :\u00a0les sites web ci-apr\u00e8s li\u00e9s \u00e0 l\u2019agriculture ne sont plus accessibles ! Preuve de la haute consid\u00e9ration des irresponsables politiques quand \u00e0 l\u2019importance de l\u2019information citoyenne. Une politiques conne de toute dictature : d\u00e9tourner l\u2019attention par des effets d\u2019annonce de quelques r\u00e9alisations, maintenir la population dans l\u2019ignorance, restreindre l\u2019acc\u00e8s \u00e0 l\u2019information, via le webMinist\u00e8re de l\u2019Agriculture, P\u00eache ... Read More\" \/>\n<meta property=\"og:url\" content=\"https:\/\/thierryregards.eu\/en\/rdc-ministere-de-lagriculture-peche-et-elevage\/\" \/>\n<meta property=\"og:site_name\" content=\"Thierryregards.eu\" \/>\n<meta property=\"article:modified_time\" content=\"2019-01-25T13:03:09+00:00\" \/>\n<meta name=\"twitter:card\" content=\"summary_large_image\" \/>\n<meta name=\"twitter:label1\" content=\"Est. reading time\" \/>\n\t<meta name=\"twitter:data1\" content=\"2 minutes\" \/>\n<script type=\"application\/ld+json\" class=\"yoast-schema-graph\">{\"@context\":\"https:\\\/\\\/schema.org\",\"@graph\":[{\"@type\":\"WebPage\",\"@id\":\"https:\\\/\\\/thierryregards.eu\\\/rdc-ministere-de-lagriculture-peche-et-elevage\\\/\",\"url\":\"https:\\\/\\\/thierryregards.eu\\\/rdc-ministere-de-lagriculture-peche-et-elevage\\\/\",\"name\":\"RDC - Minist\u00e8re de l'Agriculture, P\u00eache et Elevage - Thierryregards.eu\",\"isPartOf\":{\"@id\":\"https:\\\/\\\/thierryregards.eu\\\/#website\"},\"datePublished\":\"2018-08-23T09:07:55+00:00\",\"dateModified\":\"2019-01-25T13:03:09+00:00\",\"breadcrumb\":{\"@id\":\"https:\\\/\\\/thierryregards.eu\\\/rdc-ministere-de-lagriculture-peche-et-elevage\\\/#breadcrumb\"},\"inLanguage\":\"en-US\",\"potentialAction\":[{\"@type\":\"ReadAction\",\"target\":[\"https:\\\/\\\/thierryregards.eu\\\/rdc-ministere-de-lagriculture-peche-et-elevage\\\/\"]}]},{\"@type\":\"BreadcrumbList\",\"@id\":\"https:\\\/\\\/thierryregards.eu\\\/rdc-ministere-de-lagriculture-peche-et-elevage\\\/#breadcrumb\",\"itemListElement\":[{\"@type\":\"ListItem\",\"position\":1,\"name\":\"Accueil\",\"item\":\"https:\\\/\\\/thierryregards.eu\\\/\"},{\"@type\":\"ListItem\",\"position\":2,\"name\":\"RDC &#8211; Minist\u00e8re de l&rsquo;Agriculture, P\u00eache et Elevage\"}]},{\"@type\":\"WebSite\",\"@id\":\"https:\\\/\\\/thierryregards.eu\\\/#website\",\"url\":\"https:\\\/\\\/thierryregards.eu\\\/\",\"name\":\"Thierry Regards sur la Soci\u00e9t\u00e9\",\"description\":\"Regards sur la Soci\u00e9t\u00e9\",\"publisher\":{\"@id\":\"https:\\\/\\\/thierryregards.eu\\\/#\\\/schema\\\/person\\\/c2cbd41e2ac19de18536c08c15f7cd28\"},\"potentialAction\":[{\"@type\":\"SearchAction\",\"target\":{\"@type\":\"EntryPoint\",\"urlTemplate\":\"https:\\\/\\\/thierryregards.eu\\\/?s={search_term_string}\"},\"query-input\":{\"@type\":\"PropertyValueSpecification\",\"valueRequired\":true,\"valueName\":\"search_term_string\"}}],\"inLanguage\":\"en-US\"},{\"@type\":[\"Person\",\"Organization\"],\"@id\":\"https:\\\/\\\/thierryregards.eu\\\/#\\\/schema\\\/person\\\/c2cbd41e2ac19de18536c08c15f7cd28\",\"name\":\"Thierry Carton de Tournai\",\"image\":{\"@type\":\"ImageObject\",\"inLanguage\":\"en-US\",\"@id\":\"https:\\\/\\\/thierryregards.eu\\\/wp-content\\\/uploads\\\/2021\\\/12\\\/Thierry-2019-.jpg\",\"url\":\"https:\\\/\\\/thierryregards.eu\\\/wp-content\\\/uploads\\\/2021\\\/12\\\/Thierry-2019-.jpg\",\"contentUrl\":\"https:\\\/\\\/thierryregards.eu\\\/wp-content\\\/uploads\\\/2021\\\/12\\\/Thierry-2019-.jpg\",\"width\":392,\"height\":458,\"caption\":\"Thierry Carton de Tournai\"},\"logo\":{\"@id\":\"https:\\\/\\\/thierryregards.eu\\\/wp-content\\\/uploads\\\/2021\\\/12\\\/Thierry-2019-.jpg\"},\"description\":\"Regards sur la soci\u00e9t\u00e9 est une mani\u00e8re de m'exprimer autour de ces enjeux, avec modestie...\",\"sameAs\":[\"https:\\\/\\\/thierryregards.eu\"]}]}<\/script>\n<!-- \/ Yoast SEO plugin. -->","yoast_head_json":{"title":"RDC - Minist\u00e8re de l'Agriculture, P\u00eache et Elevage - Thierryregards.eu","robots":{"index":"index","follow":"follow","max-snippet":"max-snippet:-1","max-image-preview":"max-image-preview:large","max-video-preview":"max-video-preview:-1"},"canonical":"https:\/\/thierryregards.eu\/en\/rdc-ministere-de-lagriculture-peche-et-elevage\/","og_locale":"en_US","og_type":"article","og_title":"RDC - Minist\u00e8re de l'Agriculture, P\u00eache et Elevage - Thierryregards.eu","og_description":"Une fa\u00e7ade\u2026\u00a0 Avertissements :\u00a0les sites web ci-apr\u00e8s li\u00e9s \u00e0 l\u2019agriculture ne sont plus accessibles ! Preuve de la haute consid\u00e9ration des irresponsables politiques quand \u00e0 l\u2019importance de l\u2019information citoyenne. Une politiques conne de toute dictature : d\u00e9tourner l\u2019attention par des effets d\u2019annonce de quelques r\u00e9alisations, maintenir la population dans l\u2019ignorance, restreindre l\u2019acc\u00e8s \u00e0 l\u2019information, via le webMinist\u00e8re de l\u2019Agriculture, P\u00eache ... Read More","og_url":"https:\/\/thierryregards.eu\/en\/rdc-ministere-de-lagriculture-peche-et-elevage\/","og_site_name":"Thierryregards.eu","article_modified_time":"2019-01-25T13:03:09+00:00","twitter_card":"summary_large_image","twitter_misc":{"Est. reading time":"2 minutes"},"schema":{"@context":"https:\/\/schema.org","@graph":[{"@type":"WebPage","@id":"https:\/\/thierryregards.eu\/rdc-ministere-de-lagriculture-peche-et-elevage\/","url":"https:\/\/thierryregards.eu\/rdc-ministere-de-lagriculture-peche-et-elevage\/","name":"RDC - Minist\u00e8re de l'Agriculture, P\u00eache et Elevage - Thierryregards.eu","isPartOf":{"@id":"https:\/\/thierryregards.eu\/#website"},"datePublished":"2018-08-23T09:07:55+00:00","dateModified":"2019-01-25T13:03:09+00:00","breadcrumb":{"@id":"https:\/\/thierryregards.eu\/rdc-ministere-de-lagriculture-peche-et-elevage\/#breadcrumb"},"inLanguage":"en-US","potentialAction":[{"@type":"ReadAction","target":["https:\/\/thierryregards.eu\/rdc-ministere-de-lagriculture-peche-et-elevage\/"]}]},{"@type":"BreadcrumbList","@id":"https:\/\/thierryregards.eu\/rdc-ministere-de-lagriculture-peche-et-elevage\/#breadcrumb","itemListElement":[{"@type":"ListItem","position":1,"name":"Accueil","item":"https:\/\/thierryregards.eu\/"},{"@type":"ListItem","position":2,"name":"RDC &#8211; Minist\u00e8re de l&rsquo;Agriculture, P\u00eache et Elevage"}]},{"@type":"WebSite","@id":"https:\/\/thierryregards.eu\/#website","url":"https:\/\/thierryregards.eu\/","name":"Thierry Regards sur la Soci\u00e9t\u00e9","description":"Regards sur la Soci\u00e9t\u00e9","publisher":{"@id":"https:\/\/thierryregards.eu\/#\/schema\/person\/c2cbd41e2ac19de18536c08c15f7cd28"},"potentialAction":[{"@type":"SearchAction","target":{"@type":"EntryPoint","urlTemplate":"https:\/\/thierryregards.eu\/?s={search_term_string}"},"query-input":{"@type":"PropertyValueSpecification","valueRequired":true,"valueName":"search_term_string"}}],"inLanguage":"en-US"},{"@type":["Person","Organization"],"@id":"https:\/\/thierryregards.eu\/#\/schema\/person\/c2cbd41e2ac19de18536c08c15f7cd28","name":"Thierry Carton de Tournai","image":{"@type":"ImageObject","inLanguage":"en-US","@id":"https:\/\/thierryregards.eu\/wp-content\/uploads\/2021\/12\/Thierry-2019-.jpg","url":"https:\/\/thierryregards.eu\/wp-content\/uploads\/2021\/12\/Thierry-2019-.jpg","contentUrl":"https:\/\/thierryregards.eu\/wp-content\/uploads\/2021\/12\/Thierry-2019-.jpg","width":392,"height":458,"caption":"Thierry Carton de Tournai"},"logo":{"@id":"https:\/\/thierryregards.eu\/wp-content\/uploads\/2021\/12\/Thierry-2019-.jpg"},"description":"Regards sur la soci\u00e9t\u00e9 est une mani\u00e8re de m'exprimer autour de ces enjeux, avec modestie...","sameAs":["https:\/\/thierryregards.eu"]}]}},"brizy_media":[],"_links":{"self":[{"href":"http:\/\/thierryregards.eu\/en\/wp-json\/wp\/v2\/pages\/4407","targetHints":{"allow":["GET"]}}],"collection":[{"href":"http:\/\/thierryregards.eu\/en\/wp-json\/wp\/v2\/pages"}],"about":[{"href":"http:\/\/thierryregards.eu\/en\/wp-json\/wp\/v2\/types\/page"}],"author":[{"embeddable":true,"href":"http:\/\/thierryregards.eu\/en\/wp-json\/wp\/v2\/users\/1"}],"replies":[{"embeddable":true,"href":"http:\/\/thierryregards.eu\/en\/wp-json\/wp\/v2\/comments?post=4407"}],"version-history":[{"count":5,"href":"http:\/\/thierryregards.eu\/en\/wp-json\/wp\/v2\/pages\/4407\/revisions"}],"predecessor-version":[{"id":5835,"href":"http:\/\/thierryregards.eu\/en\/wp-json\/wp\/v2\/pages\/4407\/revisions\/5835"}],"wp:attachment":[{"href":"http:\/\/thierryregards.eu\/en\/wp-json\/wp\/v2\/media?parent=4407"}],"curies":[{"name":"wp","href":"https:\/\/api.w.org\/{rel}","templated":true}]}}