{"id":5167,"date":"2018-09-21T13:21:52","date_gmt":"2018-09-21T11:21:52","guid":{"rendered":"http:\/\/thierryregard.co\/?page_id=5167"},"modified":"2019-04-07T23:02:11","modified_gmt":"2019-04-07T21:02:11","slug":"des-violences-au-dela-des-frontieres","status":"publish","type":"page","link":"http:\/\/thierryregards.eu\/en\/des-violences-au-dela-des-frontieres\/","title":{"rendered":"Des violences au-del\u00e0 des fronti\u00e8res"},"content":{"rendered":"<div id=\"cs-content\" class=\"cs-content\"><\/div>","protected":false},"excerpt":{"rendered":"<p>RDC &#8211; Rwanda &#8211; Burundi : Chronologie br\u00e8ve et incompl\u00e8te d&rsquo;un d\u00e9sastre humain\u00a0reprenant des dates de massacres de masse, alors que souvent dans le silence, le massacre cons\u00e9cutif \u00e0 la mis\u00e8re est tout aussi impressionnant dans ce riche pays qu\u2019est le \u00ab pauvre riche Congo\u00a0\u00bb\u2026 Dans cette partie du monde, plusieurs millions de Congolais, Rwandais et Burundais sont morts de &#8230; <\/p>\n<div><a href=\"http:\/\/thierryregards.eu\/en\/des-violences-au-dela-des-frontieres\/\" class=\"more-link\">Read More<\/a><\/div>","protected":false},"author":1,"featured_media":0,"parent":0,"menu_order":0,"comment_status":"closed","ping_status":"closed","template":"","meta":{"footnotes":""},"class_list":["post-5167","page","type-page","status-publish","hentry","no-post-thumbnail"],"yoast_head":"<!-- This site is optimized with the Yoast SEO plugin v27.3 - https:\/\/yoast.com\/product\/yoast-seo-wordpress\/ -->\n<title>Des violences au-del\u00e0 des fronti\u00e8res - Thierryregards.eu<\/title>\n<meta name=\"robots\" content=\"index, follow, max-snippet:-1, max-image-preview:large, max-video-preview:-1\" \/>\n<link rel=\"canonical\" href=\"https:\/\/thierryregards.eu\/en\/des-violences-au-dela-des-frontieres\/\" \/>\n<meta property=\"og:locale\" content=\"en_US\" \/>\n<meta property=\"og:type\" content=\"article\" \/>\n<meta property=\"og:title\" content=\"Des violences au-del\u00e0 des fronti\u00e8res - Thierryregards.eu\" \/>\n<meta property=\"og:description\" content=\"RDC - Rwanda - Burundi : Chronologie br\u00e8ve et incompl\u00e8te d&#039;un d\u00e9sastre humain\u00a0reprenant des dates de massacres de masse, alors que souvent dans le silence, le massacre cons\u00e9cutif \u00e0 la mis\u00e8re est tout aussi impressionnant dans ce riche pays qu\u2019est le \u00ab pauvre riche Congo\u00a0\u00bb\u2026 Dans cette partie du monde, plusieurs millions de Congolais, Rwandais et Burundais sont morts de ... Read More\" \/>\n<meta property=\"og:url\" content=\"https:\/\/thierryregards.eu\/en\/des-violences-au-dela-des-frontieres\/\" \/>\n<meta property=\"og:site_name\" content=\"Thierryregards.eu\" \/>\n<meta property=\"article:modified_time\" content=\"2019-04-07T21:02:11+00:00\" \/>\n<meta name=\"twitter:card\" content=\"summary_large_image\" \/>\n<meta name=\"twitter:label1\" content=\"Est. reading time\" \/>\n\t<meta name=\"twitter:data1\" content=\"1 minute\" \/>\n<script type=\"application\/ld+json\" class=\"yoast-schema-graph\">{\"@context\":\"https:\\\/\\\/schema.org\",\"@graph\":[{\"@type\":\"WebPage\",\"@id\":\"https:\\\/\\\/thierryregards.eu\\\/des-violences-au-dela-des-frontieres\\\/\",\"url\":\"https:\\\/\\\/thierryregards.eu\\\/des-violences-au-dela-des-frontieres\\\/\",\"name\":\"Des violences au-del\u00e0 des fronti\u00e8res - Thierryregards.eu\",\"isPartOf\":{\"@id\":\"https:\\\/\\\/thierryregards.eu\\\/#website\"},\"datePublished\":\"2018-09-21T11:21:52+00:00\",\"dateModified\":\"2019-04-07T21:02:11+00:00\",\"breadcrumb\":{\"@id\":\"https:\\\/\\\/thierryregards.eu\\\/des-violences-au-dela-des-frontieres\\\/#breadcrumb\"},\"inLanguage\":\"en-US\",\"potentialAction\":[{\"@type\":\"ReadAction\",\"target\":[\"https:\\\/\\\/thierryregards.eu\\\/des-violences-au-dela-des-frontieres\\\/\"]}]},{\"@type\":\"BreadcrumbList\",\"@id\":\"https:\\\/\\\/thierryregards.eu\\\/des-violences-au-dela-des-frontieres\\\/#breadcrumb\",\"itemListElement\":[{\"@type\":\"ListItem\",\"position\":1,\"name\":\"Accueil\",\"item\":\"https:\\\/\\\/thierryregards.eu\\\/\"},{\"@type\":\"ListItem\",\"position\":2,\"name\":\"Des violences au-del\u00e0 des fronti\u00e8res\"}]},{\"@type\":\"WebSite\",\"@id\":\"https:\\\/\\\/thierryregards.eu\\\/#website\",\"url\":\"https:\\\/\\\/thierryregards.eu\\\/\",\"name\":\"Thierry Regards sur la Soci\u00e9t\u00e9\",\"description\":\"Regards sur la Soci\u00e9t\u00e9\",\"publisher\":{\"@id\":\"https:\\\/\\\/thierryregards.eu\\\/#\\\/schema\\\/person\\\/c2cbd41e2ac19de18536c08c15f7cd28\"},\"potentialAction\":[{\"@type\":\"SearchAction\",\"target\":{\"@type\":\"EntryPoint\",\"urlTemplate\":\"https:\\\/\\\/thierryregards.eu\\\/?s={search_term_string}\"},\"query-input\":{\"@type\":\"PropertyValueSpecification\",\"valueRequired\":true,\"valueName\":\"search_term_string\"}}],\"inLanguage\":\"en-US\"},{\"@type\":[\"Person\",\"Organization\"],\"@id\":\"https:\\\/\\\/thierryregards.eu\\\/#\\\/schema\\\/person\\\/c2cbd41e2ac19de18536c08c15f7cd28\",\"name\":\"Thierry Carton de Tournai\",\"image\":{\"@type\":\"ImageObject\",\"inLanguage\":\"en-US\",\"@id\":\"https:\\\/\\\/thierryregards.eu\\\/wp-content\\\/uploads\\\/2021\\\/12\\\/Thierry-2019-.jpg\",\"url\":\"https:\\\/\\\/thierryregards.eu\\\/wp-content\\\/uploads\\\/2021\\\/12\\\/Thierry-2019-.jpg\",\"contentUrl\":\"https:\\\/\\\/thierryregards.eu\\\/wp-content\\\/uploads\\\/2021\\\/12\\\/Thierry-2019-.jpg\",\"width\":392,\"height\":458,\"caption\":\"Thierry Carton de Tournai\"},\"logo\":{\"@id\":\"https:\\\/\\\/thierryregards.eu\\\/wp-content\\\/uploads\\\/2021\\\/12\\\/Thierry-2019-.jpg\"},\"description\":\"Regards sur la soci\u00e9t\u00e9 est une mani\u00e8re de m'exprimer autour de ces enjeux, avec modestie...\",\"sameAs\":[\"https:\\\/\\\/thierryregards.eu\"]}]}<\/script>\n<!-- \/ Yoast SEO plugin. -->","yoast_head_json":{"title":"Des violences au-del\u00e0 des fronti\u00e8res - Thierryregards.eu","robots":{"index":"index","follow":"follow","max-snippet":"max-snippet:-1","max-image-preview":"max-image-preview:large","max-video-preview":"max-video-preview:-1"},"canonical":"https:\/\/thierryregards.eu\/en\/des-violences-au-dela-des-frontieres\/","og_locale":"en_US","og_type":"article","og_title":"Des violences au-del\u00e0 des fronti\u00e8res - Thierryregards.eu","og_description":"RDC - Rwanda - Burundi : Chronologie br\u00e8ve et incompl\u00e8te d'un d\u00e9sastre humain\u00a0reprenant des dates de massacres de masse, alors que souvent dans le silence, le massacre cons\u00e9cutif \u00e0 la mis\u00e8re est tout aussi impressionnant dans ce riche pays qu\u2019est le \u00ab pauvre riche Congo\u00a0\u00bb\u2026 Dans cette partie du monde, plusieurs millions de Congolais, Rwandais et Burundais sont morts de ... Read More","og_url":"https:\/\/thierryregards.eu\/en\/des-violences-au-dela-des-frontieres\/","og_site_name":"Thierryregards.eu","article_modified_time":"2019-04-07T21:02:11+00:00","twitter_card":"summary_large_image","twitter_misc":{"Est. reading time":"1 minute"},"schema":{"@context":"https:\/\/schema.org","@graph":[{"@type":"WebPage","@id":"https:\/\/thierryregards.eu\/des-violences-au-dela-des-frontieres\/","url":"https:\/\/thierryregards.eu\/des-violences-au-dela-des-frontieres\/","name":"Des violences au-del\u00e0 des fronti\u00e8res - Thierryregards.eu","isPartOf":{"@id":"https:\/\/thierryregards.eu\/#website"},"datePublished":"2018-09-21T11:21:52+00:00","dateModified":"2019-04-07T21:02:11+00:00","breadcrumb":{"@id":"https:\/\/thierryregards.eu\/des-violences-au-dela-des-frontieres\/#breadcrumb"},"inLanguage":"en-US","potentialAction":[{"@type":"ReadAction","target":["https:\/\/thierryregards.eu\/des-violences-au-dela-des-frontieres\/"]}]},{"@type":"BreadcrumbList","@id":"https:\/\/thierryregards.eu\/des-violences-au-dela-des-frontieres\/#breadcrumb","itemListElement":[{"@type":"ListItem","position":1,"name":"Accueil","item":"https:\/\/thierryregards.eu\/"},{"@type":"ListItem","position":2,"name":"Des violences au-del\u00e0 des fronti\u00e8res"}]},{"@type":"WebSite","@id":"https:\/\/thierryregards.eu\/#website","url":"https:\/\/thierryregards.eu\/","name":"Thierry Regards sur la Soci\u00e9t\u00e9","description":"Regards sur la Soci\u00e9t\u00e9","publisher":{"@id":"https:\/\/thierryregards.eu\/#\/schema\/person\/c2cbd41e2ac19de18536c08c15f7cd28"},"potentialAction":[{"@type":"SearchAction","target":{"@type":"EntryPoint","urlTemplate":"https:\/\/thierryregards.eu\/?s={search_term_string}"},"query-input":{"@type":"PropertyValueSpecification","valueRequired":true,"valueName":"search_term_string"}}],"inLanguage":"en-US"},{"@type":["Person","Organization"],"@id":"https:\/\/thierryregards.eu\/#\/schema\/person\/c2cbd41e2ac19de18536c08c15f7cd28","name":"Thierry Carton de Tournai","image":{"@type":"ImageObject","inLanguage":"en-US","@id":"https:\/\/thierryregards.eu\/wp-content\/uploads\/2021\/12\/Thierry-2019-.jpg","url":"https:\/\/thierryregards.eu\/wp-content\/uploads\/2021\/12\/Thierry-2019-.jpg","contentUrl":"https:\/\/thierryregards.eu\/wp-content\/uploads\/2021\/12\/Thierry-2019-.jpg","width":392,"height":458,"caption":"Thierry Carton de Tournai"},"logo":{"@id":"https:\/\/thierryregards.eu\/wp-content\/uploads\/2021\/12\/Thierry-2019-.jpg"},"description":"Regards sur la soci\u00e9t\u00e9 est une mani\u00e8re de m'exprimer autour de ces enjeux, avec modestie...","sameAs":["https:\/\/thierryregards.eu"]}]}},"brizy_media":[],"_links":{"self":[{"href":"http:\/\/thierryregards.eu\/en\/wp-json\/wp\/v2\/pages\/5167","targetHints":{"allow":["GET"]}}],"collection":[{"href":"http:\/\/thierryregards.eu\/en\/wp-json\/wp\/v2\/pages"}],"about":[{"href":"http:\/\/thierryregards.eu\/en\/wp-json\/wp\/v2\/types\/page"}],"author":[{"embeddable":true,"href":"http:\/\/thierryregards.eu\/en\/wp-json\/wp\/v2\/users\/1"}],"replies":[{"embeddable":true,"href":"http:\/\/thierryregards.eu\/en\/wp-json\/wp\/v2\/comments?post=5167"}],"version-history":[{"count":5,"href":"http:\/\/thierryregards.eu\/en\/wp-json\/wp\/v2\/pages\/5167\/revisions"}],"predecessor-version":[{"id":5763,"href":"http:\/\/thierryregards.eu\/en\/wp-json\/wp\/v2\/pages\/5167\/revisions\/5763"}],"wp:attachment":[{"href":"http:\/\/thierryregards.eu\/en\/wp-json\/wp\/v2\/media?parent=5167"}],"curies":[{"name":"wp","href":"https:\/\/api.w.org\/{rel}","templated":true}]}}