{"id":5906,"date":"2019-01-25T18:19:30","date_gmt":"2019-01-25T17:19:30","guid":{"rendered":"https:\/\/www.thierryregards.eu\/rdc-pais-copy\/"},"modified":"2020-01-11T08:26:52","modified_gmt":"2020-01-11T07:26:52","slug":"rdc-pais","status":"publish","type":"page","link":"http:\/\/thierryregards.eu\/en\/rdc-pais\/","title":{"rendered":"RDC &#8211; Les Parcs Agro-IndustrieIs"},"content":{"rendered":"<div id=\"cs-content\" class=\"cs-content\"><\/div>","protected":false},"excerpt":{"rendered":"<p>Les parcs agro-business ? Une arnaque !Fer de lance du Programme National d\u2019Investissement agricole initi\u00e9 par Mr Matata Ponyo, Premier ministre de la RDC sous l\u2019\u00e9gide du Pr\u00e9sident Kabila. Suite d\u2019articles consacr\u00e9s \u00e0 l\u2019une des plus grandes arnaques de l\u2019Histoire, l\u2019accaparement de la nourriture organis\u00e9e par la mafia des transnationales and Cie, des institutions financi\u00e8res, des organisations onusiennes avec l\u2019appui &#8230; <\/p>\n<div><a href=\"http:\/\/thierryregards.eu\/en\/rdc-pais\/\" class=\"more-link\">Read More<\/a><\/div>","protected":false},"author":1,"featured_media":0,"parent":0,"menu_order":0,"comment_status":"closed","ping_status":"closed","template":"","meta":{"footnotes":""},"class_list":["post-5906","page","type-page","status-publish","hentry","no-post-thumbnail"],"yoast_head":"<!-- This site is optimized with the Yoast SEO plugin v27.3 - https:\/\/yoast.com\/product\/yoast-seo-wordpress\/ -->\n<title>RDC - Les Parcs Agro-IndustrieIs - Thierryregards.eu<\/title>\n<meta name=\"description\" content=\"Suite d\u2019articles sur l\u2019arnaque des parcs agro industriels comme solution \u00e0 l\u2019alimentation en RDC, pron\u00e9e par la mafia politique et financi\u00e8re\" \/>\n<meta name=\"robots\" content=\"index, follow, max-snippet:-1, max-image-preview:large, max-video-preview:-1\" \/>\n<link rel=\"canonical\" href=\"https:\/\/thierryregards.eu\/en\/rdc-pais\/\" \/>\n<meta property=\"og:locale\" content=\"en_US\" \/>\n<meta property=\"og:type\" content=\"article\" \/>\n<meta property=\"og:title\" content=\"RDC - Les Parcs Agro-IndustrieIs - Thierryregards.eu\" \/>\n<meta property=\"og:description\" content=\"Suite d\u2019articles sur l\u2019arnaque des parcs agro industriels comme solution \u00e0 l\u2019alimentation en RDC, pron\u00e9e par la mafia politique et financi\u00e8re\" \/>\n<meta property=\"og:url\" content=\"https:\/\/thierryregards.eu\/en\/rdc-pais\/\" \/>\n<meta property=\"og:site_name\" content=\"Thierryregards.eu\" \/>\n<meta property=\"article:modified_time\" content=\"2020-01-11T07:26:52+00:00\" \/>\n<meta name=\"twitter:card\" content=\"summary_large_image\" \/>\n<meta name=\"twitter:label1\" content=\"Est. reading time\" \/>\n\t<meta name=\"twitter:data1\" content=\"4 minutes\" \/>\n<script type=\"application\/ld+json\" class=\"yoast-schema-graph\">{\"@context\":\"https:\\\/\\\/schema.org\",\"@graph\":[{\"@type\":\"WebPage\",\"@id\":\"https:\\\/\\\/thierryregards.eu\\\/rdc-pais\\\/\",\"url\":\"https:\\\/\\\/thierryregards.eu\\\/rdc-pais\\\/\",\"name\":\"RDC - Les Parcs Agro-IndustrieIs - Thierryregards.eu\",\"isPartOf\":{\"@id\":\"https:\\\/\\\/thierryregards.eu\\\/#website\"},\"datePublished\":\"2019-01-25T17:19:30+00:00\",\"dateModified\":\"2020-01-11T07:26:52+00:00\",\"description\":\"Suite d\u2019articles sur l\u2019arnaque des parcs agro industriels comme solution \u00e0 l\u2019alimentation en RDC, pron\u00e9e par la mafia politique et financi\u00e8re\",\"breadcrumb\":{\"@id\":\"https:\\\/\\\/thierryregards.eu\\\/rdc-pais\\\/#breadcrumb\"},\"inLanguage\":\"en-US\",\"potentialAction\":[{\"@type\":\"ReadAction\",\"target\":[\"https:\\\/\\\/thierryregards.eu\\\/rdc-pais\\\/\"]}]},{\"@type\":\"BreadcrumbList\",\"@id\":\"https:\\\/\\\/thierryregards.eu\\\/rdc-pais\\\/#breadcrumb\",\"itemListElement\":[{\"@type\":\"ListItem\",\"position\":1,\"name\":\"Accueil\",\"item\":\"https:\\\/\\\/thierryregards.eu\\\/\"},{\"@type\":\"ListItem\",\"position\":2,\"name\":\"RDC &#8211; Les Parcs Agro-IndustrieIs\"}]},{\"@type\":\"WebSite\",\"@id\":\"https:\\\/\\\/thierryregards.eu\\\/#website\",\"url\":\"https:\\\/\\\/thierryregards.eu\\\/\",\"name\":\"Thierry Regards sur la Soci\u00e9t\u00e9\",\"description\":\"Regards sur la Soci\u00e9t\u00e9\",\"publisher\":{\"@id\":\"https:\\\/\\\/thierryregards.eu\\\/#\\\/schema\\\/person\\\/c2cbd41e2ac19de18536c08c15f7cd28\"},\"potentialAction\":[{\"@type\":\"SearchAction\",\"target\":{\"@type\":\"EntryPoint\",\"urlTemplate\":\"https:\\\/\\\/thierryregards.eu\\\/?s={search_term_string}\"},\"query-input\":{\"@type\":\"PropertyValueSpecification\",\"valueRequired\":true,\"valueName\":\"search_term_string\"}}],\"inLanguage\":\"en-US\"},{\"@type\":[\"Person\",\"Organization\"],\"@id\":\"https:\\\/\\\/thierryregards.eu\\\/#\\\/schema\\\/person\\\/c2cbd41e2ac19de18536c08c15f7cd28\",\"name\":\"Thierry Carton de Tournai\",\"image\":{\"@type\":\"ImageObject\",\"inLanguage\":\"en-US\",\"@id\":\"https:\\\/\\\/thierryregards.eu\\\/wp-content\\\/uploads\\\/2021\\\/12\\\/Thierry-2019-.jpg\",\"url\":\"https:\\\/\\\/thierryregards.eu\\\/wp-content\\\/uploads\\\/2021\\\/12\\\/Thierry-2019-.jpg\",\"contentUrl\":\"https:\\\/\\\/thierryregards.eu\\\/wp-content\\\/uploads\\\/2021\\\/12\\\/Thierry-2019-.jpg\",\"width\":392,\"height\":458,\"caption\":\"Thierry Carton de Tournai\"},\"logo\":{\"@id\":\"https:\\\/\\\/thierryregards.eu\\\/wp-content\\\/uploads\\\/2021\\\/12\\\/Thierry-2019-.jpg\"},\"description\":\"Regards sur la soci\u00e9t\u00e9 est une mani\u00e8re de m'exprimer autour de ces enjeux, avec modestie...\",\"sameAs\":[\"https:\\\/\\\/thierryregards.eu\"]}]}<\/script>\n<!-- \/ Yoast SEO plugin. -->","yoast_head_json":{"title":"RDC - Les Parcs Agro-IndustrieIs - Thierryregards.eu","description":"Suite d\u2019articles sur l\u2019arnaque des parcs agro industriels comme solution \u00e0 l\u2019alimentation en RDC, pron\u00e9e par la mafia politique et financi\u00e8re","robots":{"index":"index","follow":"follow","max-snippet":"max-snippet:-1","max-image-preview":"max-image-preview:large","max-video-preview":"max-video-preview:-1"},"canonical":"https:\/\/thierryregards.eu\/en\/rdc-pais\/","og_locale":"en_US","og_type":"article","og_title":"RDC - Les Parcs Agro-IndustrieIs - Thierryregards.eu","og_description":"Suite d\u2019articles sur l\u2019arnaque des parcs agro industriels comme solution \u00e0 l\u2019alimentation en RDC, pron\u00e9e par la mafia politique et financi\u00e8re","og_url":"https:\/\/thierryregards.eu\/en\/rdc-pais\/","og_site_name":"Thierryregards.eu","article_modified_time":"2020-01-11T07:26:52+00:00","twitter_card":"summary_large_image","twitter_misc":{"Est. reading time":"4 minutes"},"schema":{"@context":"https:\/\/schema.org","@graph":[{"@type":"WebPage","@id":"https:\/\/thierryregards.eu\/rdc-pais\/","url":"https:\/\/thierryregards.eu\/rdc-pais\/","name":"RDC - Les Parcs Agro-IndustrieIs - Thierryregards.eu","isPartOf":{"@id":"https:\/\/thierryregards.eu\/#website"},"datePublished":"2019-01-25T17:19:30+00:00","dateModified":"2020-01-11T07:26:52+00:00","description":"Suite d\u2019articles sur l\u2019arnaque des parcs agro industriels comme solution \u00e0 l\u2019alimentation en RDC, pron\u00e9e par la mafia politique et financi\u00e8re","breadcrumb":{"@id":"https:\/\/thierryregards.eu\/rdc-pais\/#breadcrumb"},"inLanguage":"en-US","potentialAction":[{"@type":"ReadAction","target":["https:\/\/thierryregards.eu\/rdc-pais\/"]}]},{"@type":"BreadcrumbList","@id":"https:\/\/thierryregards.eu\/rdc-pais\/#breadcrumb","itemListElement":[{"@type":"ListItem","position":1,"name":"Accueil","item":"https:\/\/thierryregards.eu\/"},{"@type":"ListItem","position":2,"name":"RDC &#8211; Les Parcs Agro-IndustrieIs"}]},{"@type":"WebSite","@id":"https:\/\/thierryregards.eu\/#website","url":"https:\/\/thierryregards.eu\/","name":"Thierry Regards sur la Soci\u00e9t\u00e9","description":"Regards sur la Soci\u00e9t\u00e9","publisher":{"@id":"https:\/\/thierryregards.eu\/#\/schema\/person\/c2cbd41e2ac19de18536c08c15f7cd28"},"potentialAction":[{"@type":"SearchAction","target":{"@type":"EntryPoint","urlTemplate":"https:\/\/thierryregards.eu\/?s={search_term_string}"},"query-input":{"@type":"PropertyValueSpecification","valueRequired":true,"valueName":"search_term_string"}}],"inLanguage":"en-US"},{"@type":["Person","Organization"],"@id":"https:\/\/thierryregards.eu\/#\/schema\/person\/c2cbd41e2ac19de18536c08c15f7cd28","name":"Thierry Carton de Tournai","image":{"@type":"ImageObject","inLanguage":"en-US","@id":"https:\/\/thierryregards.eu\/wp-content\/uploads\/2021\/12\/Thierry-2019-.jpg","url":"https:\/\/thierryregards.eu\/wp-content\/uploads\/2021\/12\/Thierry-2019-.jpg","contentUrl":"https:\/\/thierryregards.eu\/wp-content\/uploads\/2021\/12\/Thierry-2019-.jpg","width":392,"height":458,"caption":"Thierry Carton de Tournai"},"logo":{"@id":"https:\/\/thierryregards.eu\/wp-content\/uploads\/2021\/12\/Thierry-2019-.jpg"},"description":"Regards sur la soci\u00e9t\u00e9 est une mani\u00e8re de m'exprimer autour de ces enjeux, avec modestie...","sameAs":["https:\/\/thierryregards.eu"]}]}},"brizy_media":[],"_links":{"self":[{"href":"http:\/\/thierryregards.eu\/en\/wp-json\/wp\/v2\/pages\/5906","targetHints":{"allow":["GET"]}}],"collection":[{"href":"http:\/\/thierryregards.eu\/en\/wp-json\/wp\/v2\/pages"}],"about":[{"href":"http:\/\/thierryregards.eu\/en\/wp-json\/wp\/v2\/types\/page"}],"author":[{"embeddable":true,"href":"http:\/\/thierryregards.eu\/en\/wp-json\/wp\/v2\/users\/1"}],"replies":[{"embeddable":true,"href":"http:\/\/thierryregards.eu\/en\/wp-json\/wp\/v2\/comments?post=5906"}],"version-history":[{"count":5,"href":"http:\/\/thierryregards.eu\/en\/wp-json\/wp\/v2\/pages\/5906\/revisions"}],"predecessor-version":[{"id":8410,"href":"http:\/\/thierryregards.eu\/en\/wp-json\/wp\/v2\/pages\/5906\/revisions\/8410"}],"wp:attachment":[{"href":"http:\/\/thierryregards.eu\/en\/wp-json\/wp\/v2\/media?parent=5906"}],"curies":[{"name":"wp","href":"https:\/\/api.w.org\/{rel}","templated":true}]}}