{"id":9335,"date":"2020-03-09T12:00:08","date_gmt":"2020-03-09T11:00:08","guid":{"rendered":"https:\/\/www.thierryregards.eu\/?page_id=9335"},"modified":"2020-03-20T18:01:34","modified_gmt":"2020-03-20T17:01:34","slug":"agroecologie-dossier-agriculture-biologique-environnement-travail-decent-sante","status":"publish","type":"page","link":"http:\/\/thierryregards.eu\/en\/agroecologie-dossier-agriculture-biologique-environnement-travail-decent-sante\/","title":{"rendered":"Agro\u00e9cologie, le dossier"},"content":{"rendered":"<div id=\"cs-content\" class=\"cs-content\"><\/div>","protected":false},"excerpt":{"rendered":"<p>Ce dossier est une compilation d&rsquo;articles sur l\u2019agro\u00e9cologie, le futur de l&rsquo;Humanit\u00e9, des producteurs aux consommateurs en RDC, en Afrique, dans le Monde&#8230;L\u2019agro\u00e9cologie, le futur audacieux de l\u2019agriculture en Afrique !D\u00e9claration de la Soci\u00e9t\u00e9 civile africaine \u00e0 la r\u00e9union r\u00e9gionale organis\u00e9e par la FAO\u00a0&#8211; Octobre 2015L&rsquo;agro\u00e9cologie ?\u00a0D\u00e9finitions, concepts et +En cours de r\u00e9alisationListe non exhaustive d&rsquo;ONG actives dans la promotion &#8230; <\/p>\n<div><a href=\"http:\/\/thierryregards.eu\/en\/agroecologie-dossier-agriculture-biologique-environnement-travail-decent-sante\/\" class=\"more-link\">Read More<\/a><\/div>","protected":false},"author":1,"featured_media":0,"parent":0,"menu_order":0,"comment_status":"closed","ping_status":"closed","template":"","meta":{"footnotes":""},"class_list":["post-9335","page","type-page","status-publish","hentry","no-post-thumbnail"],"yoast_head":"<!-- This site is optimized with the Yoast SEO plugin v27.5 - https:\/\/yoast.com\/product\/yoast-seo-wordpress\/ -->\n<title>Agro\u00e9cologie, le dossier - Thierryregards.eu<\/title>\n<meta name=\"description\" content=\"Ce dossier est une compilation d&#039;articles sur l\u2019agro\u00e9cologie, le futur de l&#039;Humanit\u00e9, des producteurs aux consommateurs en RDC, en Afrique, dans le Monde...\" \/>\n<meta name=\"robots\" content=\"index, follow, max-snippet:-1, max-image-preview:large, max-video-preview:-1\" \/>\n<link rel=\"canonical\" href=\"https:\/\/thierryregards.eu\/en\/agroecologie-dossier-agriculture-biologique-environnement-travail-decent-sante\/\" \/>\n<meta property=\"og:locale\" content=\"en_US\" \/>\n<meta property=\"og:type\" content=\"article\" \/>\n<meta property=\"og:title\" content=\"Agro\u00e9cologie, le dossier - Thierryregards.eu\" \/>\n<meta property=\"og:description\" content=\"Ce dossier est une compilation d&#039;articles sur l\u2019agro\u00e9cologie, le futur de l&#039;Humanit\u00e9, des producteurs aux consommateurs en RDC, en Afrique, dans le Monde...\" \/>\n<meta property=\"og:url\" content=\"https:\/\/thierryregards.eu\/en\/agroecologie-dossier-agriculture-biologique-environnement-travail-decent-sante\/\" \/>\n<meta property=\"og:site_name\" content=\"Thierryregards.eu\" \/>\n<meta property=\"article:modified_time\" content=\"2020-03-20T17:01:34+00:00\" \/>\n<meta property=\"og:image\" content=\"https:\/\/www.thierryregards.eu\/wp-content\/uploads\/2020\/02\/Agro\u00e9cologie.jpg\" \/>\n<meta name=\"twitter:card\" content=\"summary_large_image\" \/>\n<meta name=\"twitter:label1\" content=\"Est. reading time\" \/>\n\t<meta name=\"twitter:data1\" content=\"1 minute\" \/>\n<script type=\"application\/ld+json\" class=\"yoast-schema-graph\">{\"@context\":\"https:\\\/\\\/schema.org\",\"@graph\":[{\"@type\":\"WebPage\",\"@id\":\"https:\\\/\\\/thierryregards.eu\\\/agroecologie-dossier-agriculture-biologique-environnement-travail-decent-sante\\\/\",\"url\":\"https:\\\/\\\/thierryregards.eu\\\/agroecologie-dossier-agriculture-biologique-environnement-travail-decent-sante\\\/\",\"name\":\"Agro\u00e9cologie, le dossier - Thierryregards.eu\",\"isPartOf\":{\"@id\":\"https:\\\/\\\/thierryregards.eu\\\/#website\"},\"primaryImageOfPage\":{\"@id\":\"https:\\\/\\\/thierryregards.eu\\\/agroecologie-dossier-agriculture-biologique-environnement-travail-decent-sante\\\/#primaryimage\"},\"image\":{\"@id\":\"https:\\\/\\\/thierryregards.eu\\\/agroecologie-dossier-agriculture-biologique-environnement-travail-decent-sante\\\/#primaryimage\"},\"thumbnailUrl\":\"https:\\\/\\\/www.thierryregards.eu\\\/wp-content\\\/uploads\\\/2020\\\/03\\\/CIDSE-Agroecologie-Principes.jpg\",\"datePublished\":\"2020-03-09T11:00:08+00:00\",\"dateModified\":\"2020-03-20T17:01:34+00:00\",\"description\":\"Ce dossier est une compilation d'articles sur l\u2019agro\u00e9cologie, le futur de l'Humanit\u00e9, des producteurs aux consommateurs en RDC, en Afrique, dans le Monde...\",\"breadcrumb\":{\"@id\":\"https:\\\/\\\/thierryregards.eu\\\/agroecologie-dossier-agriculture-biologique-environnement-travail-decent-sante\\\/#breadcrumb\"},\"inLanguage\":\"en-US\",\"potentialAction\":[{\"@type\":\"ReadAction\",\"target\":[\"https:\\\/\\\/thierryregards.eu\\\/agroecologie-dossier-agriculture-biologique-environnement-travail-decent-sante\\\/\"]}]},{\"@type\":\"ImageObject\",\"inLanguage\":\"en-US\",\"@id\":\"https:\\\/\\\/thierryregards.eu\\\/agroecologie-dossier-agriculture-biologique-environnement-travail-decent-sante\\\/#primaryimage\",\"url\":\"https:\\\/\\\/www.thierryregards.eu\\\/wp-content\\\/uploads\\\/2020\\\/03\\\/CIDSE-Agroecologie-Principes.jpg\",\"contentUrl\":\"https:\\\/\\\/www.thierryregards.eu\\\/wp-content\\\/uploads\\\/2020\\\/03\\\/CIDSE-Agroecologie-Principes.jpg\"},{\"@type\":\"BreadcrumbList\",\"@id\":\"https:\\\/\\\/thierryregards.eu\\\/agroecologie-dossier-agriculture-biologique-environnement-travail-decent-sante\\\/#breadcrumb\",\"itemListElement\":[{\"@type\":\"ListItem\",\"position\":1,\"name\":\"Accueil\",\"item\":\"https:\\\/\\\/thierryregards.eu\\\/\"},{\"@type\":\"ListItem\",\"position\":2,\"name\":\"Agro\u00e9cologie, le dossier\"}]},{\"@type\":\"WebSite\",\"@id\":\"https:\\\/\\\/thierryregards.eu\\\/#website\",\"url\":\"https:\\\/\\\/thierryregards.eu\\\/\",\"name\":\"Thierry Regards sur la Soci\u00e9t\u00e9\",\"description\":\"Regards sur la Soci\u00e9t\u00e9\",\"publisher\":{\"@id\":\"https:\\\/\\\/thierryregards.eu\\\/#\\\/schema\\\/person\\\/c2cbd41e2ac19de18536c08c15f7cd28\"},\"potentialAction\":[{\"@type\":\"SearchAction\",\"target\":{\"@type\":\"EntryPoint\",\"urlTemplate\":\"https:\\\/\\\/thierryregards.eu\\\/?s={search_term_string}\"},\"query-input\":{\"@type\":\"PropertyValueSpecification\",\"valueRequired\":true,\"valueName\":\"search_term_string\"}}],\"inLanguage\":\"en-US\"},{\"@type\":[\"Person\",\"Organization\"],\"@id\":\"https:\\\/\\\/thierryregards.eu\\\/#\\\/schema\\\/person\\\/c2cbd41e2ac19de18536c08c15f7cd28\",\"name\":\"Thierry Carton de Tournai\",\"image\":{\"@type\":\"ImageObject\",\"inLanguage\":\"en-US\",\"@id\":\"https:\\\/\\\/thierryregards.eu\\\/wp-content\\\/uploads\\\/2021\\\/12\\\/Thierry-2019-.jpg\",\"url\":\"https:\\\/\\\/thierryregards.eu\\\/wp-content\\\/uploads\\\/2021\\\/12\\\/Thierry-2019-.jpg\",\"contentUrl\":\"https:\\\/\\\/thierryregards.eu\\\/wp-content\\\/uploads\\\/2021\\\/12\\\/Thierry-2019-.jpg\",\"width\":392,\"height\":458,\"caption\":\"Thierry Carton de Tournai\"},\"logo\":{\"@id\":\"https:\\\/\\\/thierryregards.eu\\\/wp-content\\\/uploads\\\/2021\\\/12\\\/Thierry-2019-.jpg\"},\"description\":\"Regards sur la soci\u00e9t\u00e9 est une mani\u00e8re de m'exprimer autour de ces enjeux, avec modestie...\",\"sameAs\":[\"https:\\\/\\\/thierryregards.eu\"]}]}<\/script>\n<!-- \/ Yoast SEO plugin. -->","yoast_head_json":{"title":"Agro\u00e9cologie, le dossier - Thierryregards.eu","description":"Ce dossier est une compilation d'articles sur l\u2019agro\u00e9cologie, le futur de l'Humanit\u00e9, des producteurs aux consommateurs en RDC, en Afrique, dans le Monde...","robots":{"index":"index","follow":"follow","max-snippet":"max-snippet:-1","max-image-preview":"max-image-preview:large","max-video-preview":"max-video-preview:-1"},"canonical":"https:\/\/thierryregards.eu\/en\/agroecologie-dossier-agriculture-biologique-environnement-travail-decent-sante\/","og_locale":"en_US","og_type":"article","og_title":"Agro\u00e9cologie, le dossier - Thierryregards.eu","og_description":"Ce dossier est une compilation d'articles sur l\u2019agro\u00e9cologie, le futur de l'Humanit\u00e9, des producteurs aux consommateurs en RDC, en Afrique, dans le Monde...","og_url":"https:\/\/thierryregards.eu\/en\/agroecologie-dossier-agriculture-biologique-environnement-travail-decent-sante\/","og_site_name":"Thierryregards.eu","article_modified_time":"2020-03-20T17:01:34+00:00","og_image":[{"url":"https:\/\/www.thierryregards.eu\/wp-content\/uploads\/2020\/02\/Agro\u00e9cologie.jpg","type":"","width":"","height":""}],"twitter_card":"summary_large_image","twitter_misc":{"Est. reading time":"1 minute"},"schema":{"@context":"https:\/\/schema.org","@graph":[{"@type":"WebPage","@id":"https:\/\/thierryregards.eu\/agroecologie-dossier-agriculture-biologique-environnement-travail-decent-sante\/","url":"https:\/\/thierryregards.eu\/agroecologie-dossier-agriculture-biologique-environnement-travail-decent-sante\/","name":"Agro\u00e9cologie, le dossier - Thierryregards.eu","isPartOf":{"@id":"https:\/\/thierryregards.eu\/#website"},"primaryImageOfPage":{"@id":"https:\/\/thierryregards.eu\/agroecologie-dossier-agriculture-biologique-environnement-travail-decent-sante\/#primaryimage"},"image":{"@id":"https:\/\/thierryregards.eu\/agroecologie-dossier-agriculture-biologique-environnement-travail-decent-sante\/#primaryimage"},"thumbnailUrl":"https:\/\/www.thierryregards.eu\/wp-content\/uploads\/2020\/03\/CIDSE-Agroecologie-Principes.jpg","datePublished":"2020-03-09T11:00:08+00:00","dateModified":"2020-03-20T17:01:34+00:00","description":"Ce dossier est une compilation d'articles sur l\u2019agro\u00e9cologie, le futur de l'Humanit\u00e9, des producteurs aux consommateurs en RDC, en Afrique, dans le Monde...","breadcrumb":{"@id":"https:\/\/thierryregards.eu\/agroecologie-dossier-agriculture-biologique-environnement-travail-decent-sante\/#breadcrumb"},"inLanguage":"en-US","potentialAction":[{"@type":"ReadAction","target":["https:\/\/thierryregards.eu\/agroecologie-dossier-agriculture-biologique-environnement-travail-decent-sante\/"]}]},{"@type":"ImageObject","inLanguage":"en-US","@id":"https:\/\/thierryregards.eu\/agroecologie-dossier-agriculture-biologique-environnement-travail-decent-sante\/#primaryimage","url":"https:\/\/www.thierryregards.eu\/wp-content\/uploads\/2020\/03\/CIDSE-Agroecologie-Principes.jpg","contentUrl":"https:\/\/www.thierryregards.eu\/wp-content\/uploads\/2020\/03\/CIDSE-Agroecologie-Principes.jpg"},{"@type":"BreadcrumbList","@id":"https:\/\/thierryregards.eu\/agroecologie-dossier-agriculture-biologique-environnement-travail-decent-sante\/#breadcrumb","itemListElement":[{"@type":"ListItem","position":1,"name":"Accueil","item":"https:\/\/thierryregards.eu\/"},{"@type":"ListItem","position":2,"name":"Agro\u00e9cologie, le dossier"}]},{"@type":"WebSite","@id":"https:\/\/thierryregards.eu\/#website","url":"https:\/\/thierryregards.eu\/","name":"Thierry Regards sur la Soci\u00e9t\u00e9","description":"Regards sur la Soci\u00e9t\u00e9","publisher":{"@id":"https:\/\/thierryregards.eu\/#\/schema\/person\/c2cbd41e2ac19de18536c08c15f7cd28"},"potentialAction":[{"@type":"SearchAction","target":{"@type":"EntryPoint","urlTemplate":"https:\/\/thierryregards.eu\/?s={search_term_string}"},"query-input":{"@type":"PropertyValueSpecification","valueRequired":true,"valueName":"search_term_string"}}],"inLanguage":"en-US"},{"@type":["Person","Organization"],"@id":"https:\/\/thierryregards.eu\/#\/schema\/person\/c2cbd41e2ac19de18536c08c15f7cd28","name":"Thierry Carton de Tournai","image":{"@type":"ImageObject","inLanguage":"en-US","@id":"https:\/\/thierryregards.eu\/wp-content\/uploads\/2021\/12\/Thierry-2019-.jpg","url":"https:\/\/thierryregards.eu\/wp-content\/uploads\/2021\/12\/Thierry-2019-.jpg","contentUrl":"https:\/\/thierryregards.eu\/wp-content\/uploads\/2021\/12\/Thierry-2019-.jpg","width":392,"height":458,"caption":"Thierry Carton de Tournai"},"logo":{"@id":"https:\/\/thierryregards.eu\/wp-content\/uploads\/2021\/12\/Thierry-2019-.jpg"},"description":"Regards sur la soci\u00e9t\u00e9 est une mani\u00e8re de m'exprimer autour de ces enjeux, avec modestie...","sameAs":["https:\/\/thierryregards.eu"]}]}},"brizy_media":[],"_links":{"self":[{"href":"http:\/\/thierryregards.eu\/en\/wp-json\/wp\/v2\/pages\/9335","targetHints":{"allow":["GET"]}}],"collection":[{"href":"http:\/\/thierryregards.eu\/en\/wp-json\/wp\/v2\/pages"}],"about":[{"href":"http:\/\/thierryregards.eu\/en\/wp-json\/wp\/v2\/types\/page"}],"author":[{"embeddable":true,"href":"http:\/\/thierryregards.eu\/en\/wp-json\/wp\/v2\/users\/1"}],"replies":[{"embeddable":true,"href":"http:\/\/thierryregards.eu\/en\/wp-json\/wp\/v2\/comments?post=9335"}],"version-history":[{"count":5,"href":"http:\/\/thierryregards.eu\/en\/wp-json\/wp\/v2\/pages\/9335\/revisions"}],"predecessor-version":[{"id":11348,"href":"http:\/\/thierryregards.eu\/en\/wp-json\/wp\/v2\/pages\/9335\/revisions\/11348"}],"wp:attachment":[{"href":"http:\/\/thierryregards.eu\/en\/wp-json\/wp\/v2\/media?parent=9335"}],"curies":[{"name":"wp","href":"https:\/\/api.w.org\/{rel}","templated":true}]}}