{"id":7489,"date":"2016-07-11T23:35:42","date_gmt":"2016-07-11T21:35:42","guid":{"rendered":"https:\/\/www.thierryregards.eu\/?page_id=7489"},"modified":"2026-04-06T20:49:49","modified_gmt":"2026-04-06T18:49:49","slug":"contact-presentation","status":"publish","type":"page","link":"https:\/\/thierryregards.eu\/en\/contact-presentation\/","title":{"rendered":"Contact"},"content":{"rendered":"<div class=\"brz-root__container brz-reset-all brz brz-root__container-page\">\n<section id=\"_amshfglsuyxxtebvuokkkpvhmsrpfatloefn\" class=\"brz-section brz-css-h5syy0\">\n<div class=\"brz-section__content brz-section--boxed brz-css-1nxvgpz brz-css-d2cypg\" data-brz-custom-id=\"tuskcjwbahvwypwwyryssbcjhqvssntlcxxm\">\n<div class=\"brz-container brz-css-19zqh55\">\n<div class=\"brz-row__container brz-css-1aoci10 brz-css-gin87c\" data-brz-custom-id=\"azhawidckzjcgvvwchhdvgrkqfgivsojtqkn\">\n<div class=\"brz-bg\"><\/div>\n<div class=\"brz-row brz-css-scxfx3 brz-css-1t74rtq\">\n<div class=\"brz-columns brz-css-1us13o brz-css-1tzmmia\" data-brz-custom-id=\"akscytmwvovtbbivkxldijbyffkdhsewegdh\">\n<div class=\"brz-bg\">\n<div class=\"brz-bg-image\"><\/div>\n<\/div>\n<div class=\"brz-column__items brz-css-szjk1m\">\n<div id=\"\" class=\"brz-css-3erk68 brz-css-bw697d brz-wrapper\">\n<div class=\"brz-spacer brz-css-hjfuu brz-css-r2mdje\"><\/div>\n<\/div>\n<div id=\"\" class=\"brz-css-3erk68 brz-wrapper\">\n<div class=\"brz-rich-text brz-rich-text__custom brz-css-15wt2k6\" data-brz-custom-id=\"qdtvvwtabnnqxdcbqoripcxnekmicnjnslam\">\n<div data-brz-translate-text=\"1\">\n<p class=\"brz-text-lg-center brz-fw-xs-im-300 brz-fw-sm-im-undefined brz-fw-lg-400 brz-ff-overpass brz-ls-xs-im-0 brz-ls-sm-im-undefined brz-ls-lg-0 brz-lh-xs-im-1_6 brz-lh-sm-im-undefined brz-lh-lg-1_7 brz-fs-lg-42 brz-fs-sm-im-43 brz-fs-xs-im-34 brz-css-nFMlV\"><strong class=\"brz-cp-color2\">thierryregards.eu<\/strong><\/p>\n<\/div>\n<\/div>\n<\/div>\n<div id=\"\" class=\"brz-css-3erk68 brz-css-nv8ugm brz-wrapper\">\n<div class=\"brz-rich-text brz-rich-text__custom brz-css-15wt2k6\" data-brz-custom-id=\"ftshhxqncyudwkfzsnrrcgltulhsxvivzfqm\">\n<div data-brz-translate-text=\"1\">\n<p class=\"brz-fw-xs-300 brz-fw-sm-undefined brz-fw-lg-400 brz-ff-montserrat brz-ls-xs-2 brz-ls-sm-2 brz-ls-lg-1 brz-lh-xs-1_6 brz-lh-sm-undefined brz-lh-lg-1_7 brz-text-lg-center brz-fs-lg-27 brz-fs-sm-28 brz-fs-xs-24 brz-css-fGLOF\" data-uniq-id=\"zpsni\" data-generated-css=\"brz-css-qavps\"><a class=\"brz-cp-color6 link--external\" href=\"https:\/\/thierryregards.eu\/en\/thierryregards-presentation-experiences\/\" data-brz-link-type=\"external\" target=\"_blank\"><strong>A propos de moi &#8230;<\/strong><\/a><\/p>\n<\/div>\n<\/div>\n<\/div>\n<div id=\"\" class=\"brz-css-3erk68 brz-css-bw697d brz-wrapper\">\n<div class=\"brz-spacer brz-css-hjfuu brz-css-fcr6xn\"><\/div>\n<\/div>\n<div id=\"\" class=\"brz-css-3erk68 brz-wrapper\">\n<div class=\"brz-rich-text brz-rich-text__custom brz-css-15wt2k6\" data-brz-custom-id=\"shyhbshfiglevyznokutjbfmqaoiopxbnger\">\n<div data-brz-translate-text=\"1\">\n<p class=\"brz-ls-xs-im-2 brz-ls-sm-im-2 brz-ls-lg-1 brz-text-lg-center brz-fs-xs-im-18 brz-fs-sm-im-22 brz-fs-lg-21 brz-lh-lg-1_7 brz-lh-sm-im-undefined brz-lh-xs-im-1_6 brz-ff-montserrat brz-fw-lg-400 brz-fw-sm-im-undefined brz-fw-xs-im-300 brz-css-v97Ex\"><span class=\"brz-cp-color8\">Je serai heureux de vous lire, surtout si vous formulez votre message avec respect !<\/span><\/p>\n<p class=\"brz-text-lg-right brz-fs-xs-im-18 brz-fs-sm-im-22 brz-fs-lg-21 brz-lh-lg-1_7 brz-lh-sm-im-undefined brz-lh-xs-im-1_6 brz-ls-lg-1 brz-ls-sm-im-2 brz-ls-xs-im-2 brz-ff-montserrat brz-fw-lg-400 brz-fw-sm-im-undefined brz-fw-xs-im-300 brz-css-qfSvc\"><strong class=\"brz-cp-color8\"> Thierry <\/strong><\/p>\n<\/div>\n<\/div>\n<\/div>\n<div id=\"\" class=\"brz-css-3erk68 brz-css-bw697d brz-wrapper\">\n<div class=\"brz-spacer brz-css-hjfuu brz-css-gzux5r\"><\/div>\n<\/div>\n<div class=\"brz-wrapper-clone brz-css-qoh4dw brz-css-m7me5i\">\n<div class=\"brz-d-xs-flex brz-flex-xs-wrap brz-css-nx1r54 brz-css-1h8rj9f\" data-brz-custom-id=\"\">\n<div class=\"brz-wrapper-clone__item\" id=\"kaovxstoulludsoeuhqrttbcrvudszrzeyhv\">\n<div class=\"brz-icon__container\" data-brz-custom-id=\"kaovxstoulludsoeuhqrttbcrvudszrzeyhv\"><a class=\"brz-a\" href=\"https:\/\/www.facebook.com\/\" target=\"_blank\" rel=\"noopener\" data-brz-link-type=\"external\"><span class=\"brz-icon brz-span brz-css-1wnwo5t brz-css-111t58y\"><\/span><\/a><\/div>\n<\/div>\n<\/div>\n<\/div>\n<\/div>\n<\/div>\n<div class=\"brz-columns brz-css-1us13o brz-css-meud95\" data-brz-custom-id=\"vdpbgtlpblctyfdjmhsywaklrefvyfsftnbw\">\n<div class=\"brz-bg\"><\/div>\n<div class=\"brz-column__items brz-css-szjk1m brz-css-1rc1jra\">\n<div id=\"\" class=\"brz-css-3erk68 brz-css-bw697d brz-css-hnxmss brz-wrapper\">\n<div class=\"brz-spacer brz-css-hjfuu brz-css-egfwht\"><\/div>\n<\/div>\n<div id=\"\" class=\"brz-css-3erk68 brz-wrapper\">\n<div class=\"brz-rich-text brz-rich-text__custom brz-css-15wt2k6\" data-brz-custom-id=\"yihldyubvdbzzqrsvmcmbvfqejkehgfdiaxo\">\n<div data-brz-translate-text=\"1\">\n<p class=\"brz-text-lg-center brz-lh-lg-1_7 brz-lh-sm-im-undefined brz-lh-xs-im-1_6 brz-ls-lg-0 brz-ls-sm-im-undefined brz-ls-xs-im-0 brz-ff-lato brz-fw-lg-400 brz-fw-sm-im-undefined brz-fw-xs-im-300 brz-ft-google brz-fs-lg-38 brz-fs-sm-im-39 brz-fs-xs-im-30 brz-css-enC0D\"><strong class=\"brz-cp-color2\">Hello, vous souhaitez prendre contact avec moi ?<\/strong><\/p>\n<p class=\"brz-text-lg-center brz-lh-lg-1_7 brz-lh-sm-im-undefined brz-lh-xs-im-1_6 brz-ls-lg-0 brz-ls-sm-im-undefined brz-ls-xs-im-0 brz-ff-overpass brz-fw-lg-400 brz-fw-sm-im-undefined brz-fw-xs-im-300 brz-fs-lg-28 brz-fs-sm-im-29 brz-fs-xs-im-20 brz-css-wHCx5\"><span class=\"brz-cp-color2\">C&rsquo;est simple, utilisez ce formulaire :<\/span><\/p>\n<\/div>\n<\/div>\n<\/div>\n<div id=\"\" class=\"brz-css-3erk68 brz-wrapper\">\n<div class=\"brz-forms brz-css-2yxca7 brz-css-18sri1s\" data-brz-form-version=\"1\" data-brz-custom-id=\"sdwqbpiseouzzpvqsjhiagiosgqeowszkevq\">\n<div class=\"brz-forms__fields brz-css-17hzjxp brz-css-zih0v9\">\n<div class=\"brz-forms__item brz-css-6xmvub brz-css-1ka461r\"><\/div>\n<div class=\"brz-forms__item brz-css-6xmvub brz-css-1x3693\"><\/div>\n<div class=\"brz-forms__item brz-css-6xmvub\"><\/div>\n<div class=\"brz-forms__item brz-css-6xmvub\"><\/div>\n<div class=\"brz-forms__item brz-css-6xmvub\"><\/div>\n<div class=\"brz-forms__item brz-css-6xmvub\"><\/div>\n<div class=\"brz-forms__item brz-css-6xmvub brz-css-czrp0d\"><textarea class=\"brz-textarea brz-forms__field\" id=\"uaqgxcewtmmfgdibepgmsqduoxpanketctae\" name=\"uaqgxcewtmmfgdibepgmsqduoxpanketctae\" data-brz-type=\"Paragraph\" data-brz-label=\"Votre message - Your message\"><\/textarea><\/div>\n<\/div>\n<p><button class=\"brz-btn brz-btn-submit brz-css-tw87o brz-css-1rjyowp\" data-brz-custom-id=\"vkvpmjlsktbrlrwaseioghplqmfxjmthfdzm\"><span data-brz-translate-text=\"1\" class=\"brz-span brz-text__editor\">Envoyez &#8211; Sent<\/span><\/button><\/p>\n<div class=\"brz-g-recaptcha\" data-sitekey=\"\" data-size=\"invisible\" data-callback=\"brzFormV1Captcha\"><\/div>\n<\/div>\n<\/div>\n<\/div>\n<\/div>\n<\/div>\n<\/div>\n<\/div>\n<\/div>\n<\/section>\n<\/div>\n<p>    <!-- version:1736961391 --><\/p>","protected":false},"excerpt":{"rendered":"<p>thierryregards.eu A propos de moi &#8230; Je serai heureux de vous lire, surtout si vous formulez votre message avec respect ! Thierry Hello, vous souhaitez prendre contact avec moi ? C&rsquo;est simple, utilisez ce formulaire : Envoyez &#8211; Sent<\/p>","protected":false},"author":1,"featured_media":0,"parent":0,"menu_order":0,"comment_status":"closed","ping_status":"closed","template":"","meta":{"footnotes":""},"class_list":["post-7489","page","type-page","status-publish","hentry","no-post-thumbnail"],"yoast_head":"<!-- This site is optimized with the Yoast SEO plugin v27.3 - https:\/\/yoast.com\/product\/yoast-seo-wordpress\/ -->\n<title>Contact - Thierryregards.eu<\/title>\n<meta name=\"description\" content=\"CONTACT - A propos de moi ... Je serai heureux de vous lire, surtout si vous formulez votre message avec respect !\" \/>\n<meta name=\"robots\" content=\"index, follow, max-snippet:-1, max-image-preview:large, max-video-preview:-1\" \/>\n<link rel=\"canonical\" href=\"https:\/\/thierryregards.eu\/en\/contact-presentation\/\" \/>\n<meta property=\"og:locale\" content=\"en_US\" \/>\n<meta property=\"og:type\" content=\"article\" \/>\n<meta property=\"og:title\" content=\"Contact - Thierryregards.eu\" \/>\n<meta property=\"og:description\" content=\"CONTACT - A propos de moi ... Je serai heureux de vous lire, surtout si vous formulez votre message avec respect !\" \/>\n<meta property=\"og:url\" content=\"https:\/\/thierryregards.eu\/en\/contact-presentation\/\" \/>\n<meta property=\"og:site_name\" content=\"Thierryregards.eu\" \/>\n<meta property=\"article:modified_time\" content=\"2026-04-06T18:49:49+00:00\" \/>\n<meta name=\"twitter:card\" content=\"summary_large_image\" \/>\n<script type=\"application\/ld+json\" class=\"yoast-schema-graph\">{\"@context\":\"https:\\\/\\\/schema.org\",\"@graph\":[{\"@type\":\"WebPage\",\"@id\":\"https:\\\/\\\/thierryregards.eu\\\/contact-presentation\\\/\",\"url\":\"https:\\\/\\\/thierryregards.eu\\\/contact-presentation\\\/\",\"name\":\"Contact - Thierryregards.eu\",\"isPartOf\":{\"@id\":\"https:\\\/\\\/thierryregards.eu\\\/#website\"},\"datePublished\":\"2016-07-11T21:35:42+00:00\",\"dateModified\":\"2026-04-06T18:49:49+00:00\",\"description\":\"CONTACT - A propos de moi ... Je serai heureux de vous lire, surtout si vous formulez votre message avec respect !\",\"breadcrumb\":{\"@id\":\"https:\\\/\\\/thierryregards.eu\\\/contact-presentation\\\/#breadcrumb\"},\"inLanguage\":\"en-US\",\"potentialAction\":[{\"@type\":\"ReadAction\",\"target\":[\"https:\\\/\\\/thierryregards.eu\\\/contact-presentation\\\/\"]}]},{\"@type\":\"BreadcrumbList\",\"@id\":\"https:\\\/\\\/thierryregards.eu\\\/contact-presentation\\\/#breadcrumb\",\"itemListElement\":[{\"@type\":\"ListItem\",\"position\":1,\"name\":\"Accueil\",\"item\":\"https:\\\/\\\/thierryregards.eu\\\/\"},{\"@type\":\"ListItem\",\"position\":2,\"name\":\"Contact\"}]},{\"@type\":\"WebSite\",\"@id\":\"https:\\\/\\\/thierryregards.eu\\\/#website\",\"url\":\"https:\\\/\\\/thierryregards.eu\\\/\",\"name\":\"Thierry Regards sur la Soci\u00e9t\u00e9\",\"description\":\"Regards sur la Soci\u00e9t\u00e9\",\"publisher\":{\"@id\":\"https:\\\/\\\/thierryregards.eu\\\/#\\\/schema\\\/person\\\/c2cbd41e2ac19de18536c08c15f7cd28\"},\"potentialAction\":[{\"@type\":\"SearchAction\",\"target\":{\"@type\":\"EntryPoint\",\"urlTemplate\":\"https:\\\/\\\/thierryregards.eu\\\/?s={search_term_string}\"},\"query-input\":{\"@type\":\"PropertyValueSpecification\",\"valueRequired\":true,\"valueName\":\"search_term_string\"}}],\"inLanguage\":\"en-US\"},{\"@type\":[\"Person\",\"Organization\"],\"@id\":\"https:\\\/\\\/thierryregards.eu\\\/#\\\/schema\\\/person\\\/c2cbd41e2ac19de18536c08c15f7cd28\",\"name\":\"Thierry Carton de Tournai\",\"image\":{\"@type\":\"ImageObject\",\"inLanguage\":\"en-US\",\"@id\":\"https:\\\/\\\/thierryregards.eu\\\/wp-content\\\/uploads\\\/2021\\\/12\\\/Thierry-2019-.jpg\",\"url\":\"https:\\\/\\\/thierryregards.eu\\\/wp-content\\\/uploads\\\/2021\\\/12\\\/Thierry-2019-.jpg\",\"contentUrl\":\"https:\\\/\\\/thierryregards.eu\\\/wp-content\\\/uploads\\\/2021\\\/12\\\/Thierry-2019-.jpg\",\"width\":392,\"height\":458,\"caption\":\"Thierry Carton de Tournai\"},\"logo\":{\"@id\":\"https:\\\/\\\/thierryregards.eu\\\/wp-content\\\/uploads\\\/2021\\\/12\\\/Thierry-2019-.jpg\"},\"description\":\"Regards sur la soci\u00e9t\u00e9 est une mani\u00e8re de m'exprimer autour de ces enjeux, avec modestie...\",\"sameAs\":[\"https:\\\/\\\/thierryregards.eu\"]}]}<\/script>\n<!-- \/ Yoast SEO plugin. -->","yoast_head_json":{"title":"Contact - Thierryregards.eu","description":"CONTACT - A propos de moi ... Je serai heureux de vous lire, surtout si vous formulez votre message avec respect !","robots":{"index":"index","follow":"follow","max-snippet":"max-snippet:-1","max-image-preview":"max-image-preview:large","max-video-preview":"max-video-preview:-1"},"canonical":"https:\/\/thierryregards.eu\/en\/contact-presentation\/","og_locale":"en_US","og_type":"article","og_title":"Contact - Thierryregards.eu","og_description":"CONTACT - A propos de moi ... Je serai heureux de vous lire, surtout si vous formulez votre message avec respect !","og_url":"https:\/\/thierryregards.eu\/en\/contact-presentation\/","og_site_name":"Thierryregards.eu","article_modified_time":"2026-04-06T18:49:49+00:00","twitter_card":"summary_large_image","schema":{"@context":"https:\/\/schema.org","@graph":[{"@type":"WebPage","@id":"https:\/\/thierryregards.eu\/contact-presentation\/","url":"https:\/\/thierryregards.eu\/contact-presentation\/","name":"Contact - Thierryregards.eu","isPartOf":{"@id":"https:\/\/thierryregards.eu\/#website"},"datePublished":"2016-07-11T21:35:42+00:00","dateModified":"2026-04-06T18:49:49+00:00","description":"CONTACT - A propos de moi ... Je serai heureux de vous lire, surtout si vous formulez votre message avec respect !","breadcrumb":{"@id":"https:\/\/thierryregards.eu\/contact-presentation\/#breadcrumb"},"inLanguage":"en-US","potentialAction":[{"@type":"ReadAction","target":["https:\/\/thierryregards.eu\/contact-presentation\/"]}]},{"@type":"BreadcrumbList","@id":"https:\/\/thierryregards.eu\/contact-presentation\/#breadcrumb","itemListElement":[{"@type":"ListItem","position":1,"name":"Accueil","item":"https:\/\/thierryregards.eu\/"},{"@type":"ListItem","position":2,"name":"Contact"}]},{"@type":"WebSite","@id":"https:\/\/thierryregards.eu\/#website","url":"https:\/\/thierryregards.eu\/","name":"Thierry Regards sur la Soci\u00e9t\u00e9","description":"Regards sur la Soci\u00e9t\u00e9","publisher":{"@id":"https:\/\/thierryregards.eu\/#\/schema\/person\/c2cbd41e2ac19de18536c08c15f7cd28"},"potentialAction":[{"@type":"SearchAction","target":{"@type":"EntryPoint","urlTemplate":"https:\/\/thierryregards.eu\/?s={search_term_string}"},"query-input":{"@type":"PropertyValueSpecification","valueRequired":true,"valueName":"search_term_string"}}],"inLanguage":"en-US"},{"@type":["Person","Organization"],"@id":"https:\/\/thierryregards.eu\/#\/schema\/person\/c2cbd41e2ac19de18536c08c15f7cd28","name":"Thierry Carton de Tournai","image":{"@type":"ImageObject","inLanguage":"en-US","@id":"https:\/\/thierryregards.eu\/wp-content\/uploads\/2021\/12\/Thierry-2019-.jpg","url":"https:\/\/thierryregards.eu\/wp-content\/uploads\/2021\/12\/Thierry-2019-.jpg","contentUrl":"https:\/\/thierryregards.eu\/wp-content\/uploads\/2021\/12\/Thierry-2019-.jpg","width":392,"height":458,"caption":"Thierry Carton de Tournai"},"logo":{"@id":"https:\/\/thierryregards.eu\/wp-content\/uploads\/2021\/12\/Thierry-2019-.jpg"},"description":"Regards sur la soci\u00e9t\u00e9 est une mani\u00e8re de m'exprimer autour de ces enjeux, avec modestie...","sameAs":["https:\/\/thierryregards.eu"]}]}},"brizy_media":[{"id":2826,"url":"https:\/\/thierryregards.eu\/wp-content\/uploads\/2016\/01\/landscape-1099430_1280.jpg","name":"landscape-1099430_1280.jpg","meta":{"brizy_attachment_uid":"wp-42580304d375ac3f5f7ef83c23d64d0c","brizy_post_uid":["b0d09d8d5792f27b174b701a3cceac40","5d841638e042a624a1f3cd55e0a579ae"]}},{"id":2827,"url":"https:\/\/thierryregards.eu\/wp-content\/uploads\/2016\/01\/green-1114150_1280.jpg","name":"green-1114150_1280.jpg","meta":{"brizy_attachment_uid":"wp-d4fd32b735516df4aa7a58efaa2620fb","brizy_post_uid":["50f1579e418f8c7fc4f108d08b23c26b","d32845e4df949675b063663798a91790","2ff06a5e62ef6ece6a91e40a37f637b3","8ebda441ab5999978000beb0a2ef9cb4","bf125f4617f5e836d9ec789153c71b1f","b0d09d8d5792f27b174b701a3cceac40","5d841638e042a624a1f3cd55e0a579ae","8cebebcd833d1a85d1b6b00d535555e6","a351f9f58f2099f29764813925c24a7a"]}},{"id":2879,"url":"https:\/\/thierryregards.eu\/wp-content\/uploads\/2016\/01\/Colibri-2-2.jpg","name":"Colibri-2-2.jpg","meta":{"brizy_attachment_uid":"wp-309aa7e77a50eed447b56a4a992b46b3","brizy_post_uid":["49558275e116531a4ca69299cfa7bd22","b0d09d8d5792f27b174b701a3cceac40"]}},{"id":7347,"url":"https:\/\/thierryregards.eu\/wp-content\/uploads\/2019\/08\/Percolateur-\u00e0-caf\u00e9.jpg","name":"Percolateur-\u00e0-caf\u00e9.jpg","meta":{"brizy_attachment_uid":"wp-5ee08cf599c1d0edbd091f81c81d7cc0","brizy_post_uid":["bf125f4617f5e836d9ec789153c71b1f","b0d09d8d5792f27b174b701a3cceac40"]}},{"id":8168,"url":"https:\/\/thierryregards.eu\/wp-content\/uploads\/2019\/11\/Banro-Twangiza-Mining-SA-Google-Maps-191124-4.jpg","name":"Banro-Twangiza-Mining-SA-Google-Maps-191124-4.jpg","meta":{"brizy_attachment_uid":"wp-b098b8fa72b456be911500afde33edb4","brizy_post_uid":["bf125f4617f5e836d9ec789153c71b1f","b0d09d8d5792f27b174b701a3cceac40"]}},{"id":8262,"url":"https:\/\/thierryregards.eu\/wp-content\/uploads\/2019\/12\/TTIP-US-Europe.jpg","name":"TTIP-US-Europe.jpg","meta":{"brizy_attachment_uid":"wp-c9db1d758f24ce5e15f531ee5a53ba07","brizy_post_uid":["e790fccb3bf92d221a6c1ada2915731d","68353dfbcf6486f67535d738b576db5d","b0d09d8d5792f27b174b701a3cceac40"]}},{"id":12502,"url":"https:\/\/thierryregards.eu\/wp-content\/uploads\/2020\/12\/8.jpg","name":"8.jpg","meta":{"brizy_attachment_uid":"wp-9f9edc32a087c16a5b010b4f93f3a369.jpg","brizy_post_uid":["dc6336a8a3cc01e17b0f43eb2a52e053","b0d09d8d5792f27b174b701a3cceac40"]}}],"_links":{"self":[{"href":"https:\/\/thierryregards.eu\/en\/wp-json\/wp\/v2\/pages\/7489","targetHints":{"allow":["GET"]}}],"collection":[{"href":"https:\/\/thierryregards.eu\/en\/wp-json\/wp\/v2\/pages"}],"about":[{"href":"https:\/\/thierryregards.eu\/en\/wp-json\/wp\/v2\/types\/page"}],"author":[{"embeddable":true,"href":"https:\/\/thierryregards.eu\/en\/wp-json\/wp\/v2\/users\/1"}],"replies":[{"embeddable":true,"href":"https:\/\/thierryregards.eu\/en\/wp-json\/wp\/v2\/comments?post=7489"}],"version-history":[{"count":7,"href":"https:\/\/thierryregards.eu\/en\/wp-json\/wp\/v2\/pages\/7489\/revisions"}],"predecessor-version":[{"id":16522,"href":"https:\/\/thierryregards.eu\/en\/wp-json\/wp\/v2\/pages\/7489\/revisions\/16522"}],"wp:attachment":[{"href":"https:\/\/thierryregards.eu\/en\/wp-json\/wp\/v2\/media?parent=7489"}],"curies":[{"name":"wp","href":"https:\/\/api.w.org\/{rel}","templated":true}]}}